{"id":798,"date":"2022-03-18T16:25:16","date_gmt":"2022-03-18T15:25:16","guid":{"rendered":"https:\/\/www.talumai.ch\/?page_id=798"},"modified":"2022-09-18T17:34:30","modified_gmt":"2022-09-18T16:34:30","slug":"anmelden-yoga","status":"publish","type":"page","link":"https:\/\/talumai.ch\/en\/anmelden-yoga\/","title":{"rendered":"Anmelden Yoga"},"content":{"rendered":"<div data-elementor-type=\"wp-page\" data-elementor-id=\"798\" class=\"elementor elementor-798\">\n\t\t\t\t\t\t<section class=\"elementor-section elementor-top-section elementor-element elementor-element-de41f69 elementor-section-boxed elementor-section-height-default elementor-section-height-default wpr-particle-no wpr-jarallax-no wpr-parallax-no wpr-sticky-section-no\" data-id=\"de41f69\" data-element_type=\"section\">\n\t\t\t\t\t\t<div class=\"elementor-container elementor-column-gap-default\">\n\t\t\t\t\t<div class=\"elementor-column elementor-col-100 elementor-top-column elementor-element elementor-element-e2e9598\" data-id=\"e2e9598\" data-element_type=\"column\">\n\t\t\t<div class=\"elementor-widget-wrap elementor-element-populated\">\n\t\t\t\t\t\t<div class=\"elementor-element elementor-element-ebb50ce elementor-widget elementor-widget-text-editor\" data-id=\"ebb50ce\" data-element_type=\"widget\" data-widget_type=\"text-editor.default\">\n\t\t\t\t<div class=\"elementor-widget-container\">\n\t\t\t<style>\/*! elementor - v3.22.0 - 26-06-2024 *\/\n.elementor-widget-text-editor.elementor-drop-cap-view-stacked .elementor-drop-cap{background-color:#69727d;color:#fff}.elementor-widget-text-editor.elementor-drop-cap-view-framed .elementor-drop-cap{color:#69727d;border:3px solid;background-color:transparent}.elementor-widget-text-editor:not(.elementor-drop-cap-view-default) .elementor-drop-cap{margin-top:8px}.elementor-widget-text-editor:not(.elementor-drop-cap-view-default) .elementor-drop-cap-letter{width:1em;height:1em}.elementor-widget-text-editor .elementor-drop-cap{float:left;text-align:center;line-height:1;font-size:50px}.elementor-widget-text-editor .elementor-drop-cap-letter{display:inline-block}<\/style>\t\t\t\t<p>Sch\u00f6n, interessierst du dich f\u00fcr eines meiner Yoga Angebote. Melde dich mit untenstehendem Formular f\u00fcr eine der Yogaklassen. Ich werde mich anschliessend so rasch als m\u00f6glich bei dir melden.<\/p>\n<p>Du interessierst dich stattdessen f\u00fcr eine <a href=\"https:\/\/talumai.ch\/en\/yoga-privatstunden\/\">Yoga private lessons<\/a> oder eine <a href=\"https:\/\/talumai.ch\/en\/massagen\/\">Massage<\/a>?\u00a0<\/p>\t\t\t\t\t\t<\/div>\n\t\t\t\t<\/div>\n\t\t\t\t<div class=\"elementor-element elementor-element-310d37e elementor-widget elementor-widget-spacer\" data-id=\"310d37e\" data-element_type=\"widget\" data-widget_type=\"spacer.default\">\n\t\t\t\t<div class=\"elementor-widget-container\">\n\t\t\t<style>\/*! elementor - v3.22.0 - 26-06-2024 *\/\n.elementor-column .elementor-spacer-inner{height:var(--spacer-size)}.e-con{--container-widget-width:100%}.e-con-inner>.elementor-widget-spacer,.e-con>.elementor-widget-spacer{width:var(--container-widget-width,var(--spacer-size));--align-self:var(--container-widget-align-self,initial);--flex-shrink:0}.e-con-inner>.elementor-widget-spacer>.elementor-widget-container,.e-con>.elementor-widget-spacer>.elementor-widget-container{height:100%;width:100%}.e-con-inner>.elementor-widget-spacer>.elementor-widget-container>.elementor-spacer,.e-con>.elementor-widget-spacer>.elementor-widget-container>.elementor-spacer{height:100%}.e-con-inner>.elementor-widget-spacer>.elementor-widget-container>.elementor-spacer>.elementor-spacer-inner,.e-con>.elementor-widget-spacer>.elementor-widget-container>.elementor-spacer>.elementor-spacer-inner{height:var(--container-widget-height,var(--spacer-size))}.e-con-inner>.elementor-widget-spacer.elementor-widget-empty,.e-con>.elementor-widget-spacer.elementor-widget-empty{position:relative;min-height:22px;min-width:22px}.e-con-inner>.elementor-widget-spacer.elementor-widget-empty .elementor-widget-empty-icon,.e-con>.elementor-widget-spacer.elementor-widget-empty .elementor-widget-empty-icon{position:absolute;top:0;bottom:0;left:0;right:0;margin:auto;padding:0;width:22px;height:22px}<\/style>\t\t<div class=\"elementor-spacer\">\n\t\t\t<div class=\"elementor-spacer-inner\"><\/div>\n\t\t<\/div>\n\t\t\t\t<\/div>\n\t\t\t\t<\/div>\n\t\t\t\t\t<\/div>\n\t\t<\/div>\n\t\t\t\t\t<\/div>\n\t\t<\/section>\n\t\t\t\t<section class=\"elementor-section elementor-top-section elementor-element elementor-element-5a2a4082 elementor-section-boxed elementor-section-height-default elementor-section-height-default wpr-particle-no wpr-jarallax-no wpr-parallax-no wpr-sticky-section-no\" data-id=\"5a2a4082\" data-element_type=\"section\">\n\t\t\t\t\t\t<div class=\"elementor-container elementor-column-gap-default\">\n\t\t\t\t\t<div class=\"elementor-column elementor-col-100 elementor-top-column elementor-element elementor-element-77799709\" data-id=\"77799709\" data-element_type=\"column\">\n\t\t\t<div class=\"elementor-widget-wrap elementor-element-populated\">\n\t\t\t\t\t\t<div class=\"elementor-element elementor-element-3c38036b elementor-widget elementor-widget-text-editor\" data-id=\"3c38036b\" data-element_type=\"widget\" data-widget_type=\"text-editor.default\">\n\t\t\t\t<div class=\"elementor-widget-container\">\n\t\t\t\t\t\t\t<!-- wp:contact-form-7\/contact-form-selector {\"id\":797,\"title\":\"Yogaklassen\"} -->\n<div class=\"wp-block-contact-form-7-contact-form-selector\">\n<div class=\"wpcf7 no-js\" id=\"wpcf7-f797-o1\" lang=\"de-DE\" dir=\"ltr\">\n<div class=\"screen-reader-response\"><p role=\"status\" aria-live=\"polite\" aria-atomic=\"true\"><\/p> <ul><\/ul><\/div>\n<form action=\"\/en\/wp-json\/wp\/v2\/pages\/798#wpcf7-f797-o1\" method=\"post\" class=\"wpcf7-form init\" aria-label=\"Kontaktformular\" novalidate=\"novalidate\" data-status=\"init\" data-trp-original-action=\"\/en\/wp-json\/wp\/v2\/pages\/798#wpcf7-f797-o1\">\n<div style=\"display: none;\">\n<input type=\"hidden\" name=\"_wpcf7\" value=\"797\" \/>\n<input type=\"hidden\" name=\"_wpcf7_version\" value=\"5.9.6\" \/>\n<input type=\"hidden\" name=\"_wpcf7_locale\" value=\"de_DE\" \/>\n<input type=\"hidden\" name=\"_wpcf7_unit_tag\" value=\"wpcf7-f797-o1\" \/>\n<input type=\"hidden\" name=\"_wpcf7_container_post\" value=\"0\" \/>\n<input type=\"hidden\" name=\"_wpcf7_posted_data_hash\" value=\"\" \/>\n<\/div>\n<p><label> First name<br \/>\n<span class=\"wpcf7-form-control-wrap\" data-name=\"firstname\"><input size=\"40\" maxlength=\"80\" class=\"wpcf7-form-control wpcf7-text wpcf7-validates-as-required\" aria-required=\"true\" aria-invalid=\"false\" value=\"\" type=\"text\" name=\"firstname\" \/><\/span> <\/label>\n<\/p>\n<p><label> Name<br \/>\n<span class=\"wpcf7-form-control-wrap\" data-name=\"lastname\"><input size=\"40\" maxlength=\"80\" class=\"wpcf7-form-control wpcf7-text wpcf7-validates-as-required\" aria-required=\"true\" aria-invalid=\"false\" value=\"\" type=\"text\" name=\"lastname\" \/><\/span> <\/label>\n<\/p>\n<p><span id=\"wpcf7-69e9fb09f4054-wrapper\" class=\"wpcf7-form-control-wrap mid-name-wrap\" style=\"display:none !important; visibility:hidden !important;\"><label for=\"wpcf7-69e9fb09f4054-field\" class=\"hp-message\">Bitte lasse dieses Feld leer.<\/label><input id=\"wpcf7-69e9fb09f4054-field\"  class=\"wpcf7-form-control wpcf7-text\" type=\"text\" name=\"mid-name\" value=\"\" size=\"40\" tabindex=\"-1\" autocomplete=\"new-password\" \/><\/span>\n<\/p>\n<p><label> Mail<br \/>\n<span class=\"wpcf7-form-control-wrap\" data-name=\"email\"><input size=\"40\" maxlength=\"80\" class=\"wpcf7-form-control wpcf7-email wpcf7-validates-as-required wpcf7-text wpcf7-validates-as-email\" aria-required=\"true\" aria-invalid=\"false\" value=\"\" type=\"email\" name=\"email\" \/><\/span> <\/label>\n<\/p>\n<p><label> Telephone (optional)<br \/>\n<span class=\"wpcf7-form-control-wrap\" data-name=\"telephone\"><input size=\"40\" maxlength=\"80\" class=\"wpcf7-form-control wpcf7-tel wpcf7-text wpcf7-validates-as-tel\" aria-invalid=\"false\" value=\"\" type=\"tel\" name=\"telephone\" \/><\/span> <\/label>\n<\/p>\n<use_label_element> Klasse\n\t<p><span class=\"wpcf7-form-control-wrap\" data-name=\"class\"><span class=\"wpcf7-form-control wpcf7-checkbox wpcf7-validates-as-required\"><span class=\"wpcf7-list-item first\"><input type=\"checkbox\" name=\"class[]\" value=\"Hatha Yoga Mittwoch\" \/><span class=\"wpcf7-list-item-label\">Hatha Yoga Mittwoch<\/span><\/span><span class=\"wpcf7-list-item last\"><input type=\"checkbox\" name=\"class[]\" value=\"Hatha Yoga Donnerstag\" \/><span class=\"wpcf7-list-item-label\">Hatha Yoga Donnerstag<\/span><\/span><\/span><\/span>\n\t<\/p>\n<\/use_label_element>\n<p><label>Message<br \/>\n<span class=\"wpcf7-form-control-wrap\" data-name=\"message\"><textarea cols=\"40\" rows=\"10\" maxlength=\"400\" class=\"wpcf7-form-control wpcf7-textarea\" aria-invalid=\"false\" name=\"message\"><\/textarea><\/span> <\/label>\n<\/p>\n<p><input class=\"wpcf7-form-control wpcf7-submit has-spinner\" type=\"submit\" value=\"Send\" \/>\n<\/p><p style=\"display: none !important;\" class=\"akismet-fields-container\" data-prefix=\"_wpcf7_ak_\"><label>&#916;<textarea name=\"_wpcf7_ak_hp_textarea\" cols=\"45\" rows=\"8\" maxlength=\"100\"><\/textarea><\/label><input type=\"hidden\" id=\"ak_js_1\" name=\"_wpcf7_ak_js\" value=\"143\"\/><script>document.getElementById( \"ak_js_1\" ).setAttribute( \"value\", ( new Date() ).getTime() );<\/script><\/p><div class=\"wpcf7-response-output\" aria-hidden=\"true\"><\/div>\n<input type=\"hidden\" name=\"trp-form-language\" value=\"en\"\/><\/form>\n<\/div>\n<\/div>\n<!-- \/wp:contact-form-7\/contact-form-selector -->\t\t\t\t\t\t<\/div>\n\t\t\t\t<\/div>\n\t\t\t\t\t<\/div>\n\t\t<\/div>\n\t\t\t\t\t<\/div>\n\t\t<\/section>\n\t\t\t\t<\/div>","protected":false},"excerpt":{"rendered":"<p>Sch\u00f6n, interessierst du dich f\u00fcr eines meiner Yoga Angebote. Melde dich mit untenstehendem Formular f\u00fcr eine der Yogaklassen. Ich werde mich anschliessend so rasch als m\u00f6glich bei dir melden. Du interessierst dich stattdessen f\u00fcr eine Yoga Privatstunde oder eine Massage?\u00a0<\/p>","protected":false},"author":1,"featured_media":0,"parent":0,"menu_order":0,"comment_status":"closed","ping_status":"closed","template":"","meta":{"footnotes":""},"yoast_head":"<!-- This site is optimized with the Yoast SEO plugin v23.4 - https:\/\/yoast.com\/wordpress\/plugins\/seo\/ -->\n<title>Anmelden Yoga in der Stadt Z\u00fcrich - Talumai<\/title>\n<meta name=\"description\" content=\"Anmelden Yoga: melde dich jetzt bei mir f\u00fcr eine Yogaklasse oder eine Yoga Privatstunde in der Stadt Z\u00fcrich an. Talumai - Yoga &amp; Massage\" \/>\n<meta name=\"robots\" content=\"index, follow, max-snippet:-1, max-image-preview:large, max-video-preview:-1\" \/>\n<link rel=\"canonical\" href=\"https:\/\/talumai.ch\/en\/anmelden-yoga\/\" \/>\n<meta property=\"og:locale\" content=\"en_US\" \/>\n<meta property=\"og:type\" content=\"article\" \/>\n<meta property=\"og:title\" content=\"Anmelden Yoga in der Stadt Z\u00fcrich - Talumai\" \/>\n<meta property=\"og:description\" content=\"Anmelden Yoga: melde dich jetzt bei mir f\u00fcr eine Yogaklasse oder eine Yoga Privatstunde in der Stadt Z\u00fcrich an. Talumai - Yoga &amp; Massage\" \/>\n<meta property=\"og:url\" content=\"https:\/\/talumai.ch\/en\/anmelden-yoga\/\" \/>\n<meta property=\"og:site_name\" content=\"Talumai\" \/>\n<meta property=\"article:modified_time\" content=\"2022-09-18T16:34:30+00:00\" \/>\n<meta name=\"twitter:card\" content=\"summary_large_image\" \/>\n<meta name=\"twitter:label1\" content=\"Est. reading time\" \/>\n\t<meta name=\"twitter:data1\" content=\"1 minute\" \/>\n<script type=\"application\/ld+json\" class=\"yoast-schema-graph\">{\"@context\":\"https:\/\/schema.org\",\"@graph\":[{\"@type\":\"WebPage\",\"@id\":\"https:\/\/talumai.ch\/anmelden-yoga\/\",\"url\":\"https:\/\/talumai.ch\/anmelden-yoga\/\",\"name\":\"Anmelden Yoga in der Stadt Z\u00fcrich - Talumai\",\"isPartOf\":{\"@id\":\"https:\/\/talumai.ch\/#website\"},\"datePublished\":\"2022-03-18T15:25:16+00:00\",\"dateModified\":\"2022-09-18T16:34:30+00:00\",\"description\":\"Anmelden Yoga: melde dich jetzt bei mir f\u00fcr eine Yogaklasse oder eine Yoga Privatstunde in der Stadt Z\u00fcrich an. Talumai - Yoga & Massage\",\"breadcrumb\":{\"@id\":\"https:\/\/talumai.ch\/anmelden-yoga\/#breadcrumb\"},\"inLanguage\":\"en-US\",\"potentialAction\":[{\"@type\":\"ReadAction\",\"target\":[\"https:\/\/talumai.ch\/anmelden-yoga\/\"]}]},{\"@type\":\"BreadcrumbList\",\"@id\":\"https:\/\/talumai.ch\/anmelden-yoga\/#breadcrumb\",\"itemListElement\":[{\"@type\":\"ListItem\",\"position\":1,\"name\":\"Startseite\",\"item\":\"https:\/\/talumai.ch\/\"},{\"@type\":\"ListItem\",\"position\":2,\"name\":\"Anmelden Yoga\"}]},{\"@type\":\"WebSite\",\"@id\":\"https:\/\/talumai.ch\/#website\",\"url\":\"https:\/\/talumai.ch\/\",\"name\":\"Talumai - Yoga & Massage\",\"description\":\"Massage &amp; Yoga\",\"publisher\":{\"@id\":\"https:\/\/talumai.ch\/#organization\"},\"alternateName\":\"Talumai\",\"potentialAction\":[{\"@type\":\"SearchAction\",\"target\":{\"@type\":\"EntryPoint\",\"urlTemplate\":\"https:\/\/talumai.ch\/?s={search_term_string}\"},\"query-input\":{\"@type\":\"PropertyValueSpecification\",\"valueRequired\":true,\"valueName\":\"search_term_string\"}}],\"inLanguage\":\"en-US\"},{\"@type\":\"Organization\",\"@id\":\"https:\/\/talumai.ch\/#organization\",\"name\":\"Talumai Arreghini\",\"alternateName\":\"Talumai\",\"url\":\"https:\/\/talumai.ch\/\",\"logo\":{\"@type\":\"ImageObject\",\"inLanguage\":\"en-US\",\"@id\":\"https:\/\/talumai.ch\/#\/schema\/logo\/image\/\",\"url\":\"https:\/\/i0.wp.com\/talumai.ch\/wp-content\/uploads\/cropped-talumai.png?fit=512%2C512&ssl=1\",\"contentUrl\":\"https:\/\/i0.wp.com\/talumai.ch\/wp-content\/uploads\/cropped-talumai.png?fit=512%2C512&ssl=1\",\"width\":512,\"height\":512,\"caption\":\"Talumai Arreghini\"},\"image\":{\"@id\":\"https:\/\/talumai.ch\/#\/schema\/logo\/image\/\"}}]}<\/script>\n<!-- \/ Yoast SEO plugin. -->","yoast_head_json":{"title":"Anmelden Yoga in der Stadt Z\u00fcrich - Talumai","description":"Anmelden Yoga: melde dich jetzt bei mir f\u00fcr eine Yogaklasse oder eine Yoga Privatstunde in der Stadt Z\u00fcrich an. Talumai - Yoga & Massage","robots":{"index":"index","follow":"follow","max-snippet":"max-snippet:-1","max-image-preview":"max-image-preview:large","max-video-preview":"max-video-preview:-1"},"canonical":"https:\/\/talumai.ch\/en\/anmelden-yoga\/","og_locale":"en_US","og_type":"article","og_title":"Anmelden Yoga in der Stadt Z\u00fcrich - Talumai","og_description":"Anmelden Yoga: melde dich jetzt bei mir f\u00fcr eine Yogaklasse oder eine Yoga Privatstunde in der Stadt Z\u00fcrich an. Talumai - Yoga & Massage","og_url":"https:\/\/talumai.ch\/en\/anmelden-yoga\/","og_site_name":"Talumai","article_modified_time":"2022-09-18T16:34:30+00:00","twitter_card":"summary_large_image","twitter_misc":{"Est. reading time":"1 minute"},"schema":{"@context":"https:\/\/schema.org","@graph":[{"@type":"WebPage","@id":"https:\/\/talumai.ch\/anmelden-yoga\/","url":"https:\/\/talumai.ch\/anmelden-yoga\/","name":"Anmelden Yoga in der Stadt Z\u00fcrich - Talumai","isPartOf":{"@id":"https:\/\/talumai.ch\/#website"},"datePublished":"2022-03-18T15:25:16+00:00","dateModified":"2022-09-18T16:34:30+00:00","description":"Anmelden Yoga: melde dich jetzt bei mir f\u00fcr eine Yogaklasse oder eine Yoga Privatstunde in der Stadt Z\u00fcrich an. Talumai - Yoga & Massage","breadcrumb":{"@id":"https:\/\/talumai.ch\/anmelden-yoga\/#breadcrumb"},"inLanguage":"en-US","potentialAction":[{"@type":"ReadAction","target":["https:\/\/talumai.ch\/anmelden-yoga\/"]}]},{"@type":"BreadcrumbList","@id":"https:\/\/talumai.ch\/anmelden-yoga\/#breadcrumb","itemListElement":[{"@type":"ListItem","position":1,"name":"Startseite","item":"https:\/\/talumai.ch\/"},{"@type":"ListItem","position":2,"name":"Anmelden Yoga"}]},{"@type":"WebSite","@id":"https:\/\/talumai.ch\/#website","url":"https:\/\/talumai.ch\/","name":"Talumai - Yoga & Massage","description":"Massage &amp; Yoga","publisher":{"@id":"https:\/\/talumai.ch\/#organization"},"alternateName":"Talumai","potentialAction":[{"@type":"SearchAction","target":{"@type":"EntryPoint","urlTemplate":"https:\/\/talumai.ch\/?s={search_term_string}"},"query-input":{"@type":"PropertyValueSpecification","valueRequired":true,"valueName":"search_term_string"}}],"inLanguage":"en-US"},{"@type":"Organization","@id":"https:\/\/talumai.ch\/#organization","name":"Talumai Arreghini","alternateName":"Talumai","url":"https:\/\/talumai.ch\/","logo":{"@type":"ImageObject","inLanguage":"en-US","@id":"https:\/\/talumai.ch\/#\/schema\/logo\/image\/","url":"https:\/\/i0.wp.com\/talumai.ch\/wp-content\/uploads\/cropped-talumai.png?fit=512%2C512&ssl=1","contentUrl":"https:\/\/i0.wp.com\/talumai.ch\/wp-content\/uploads\/cropped-talumai.png?fit=512%2C512&ssl=1","width":512,"height":512,"caption":"Talumai Arreghini"},"image":{"@id":"https:\/\/talumai.ch\/#\/schema\/logo\/image\/"}}]}},"jetpack_sharing_enabled":true,"acf":[],"_links":{"self":[{"href":"https:\/\/talumai.ch\/en\/wp-json\/wp\/v2\/pages\/798"}],"collection":[{"href":"https:\/\/talumai.ch\/en\/wp-json\/wp\/v2\/pages"}],"about":[{"href":"https:\/\/talumai.ch\/en\/wp-json\/wp\/v2\/types\/page"}],"author":[{"embeddable":true,"href":"https:\/\/talumai.ch\/en\/wp-json\/wp\/v2\/users\/1"}],"replies":[{"embeddable":true,"href":"https:\/\/talumai.ch\/en\/wp-json\/wp\/v2\/comments?post=798"}],"version-history":[{"count":0,"href":"https:\/\/talumai.ch\/en\/wp-json\/wp\/v2\/pages\/798\/revisions"}],"wp:attachment":[{"href":"https:\/\/talumai.ch\/en\/wp-json\/wp\/v2\/media?parent=798"}],"curies":[{"name":"wp","href":"https:\/\/api.w.org\/{rel}","templated":true}]}}