{"id":431,"date":"2022-03-08T16:50:14","date_gmt":"2022-03-08T15:50:14","guid":{"rendered":"https:\/\/www.talumai.ch\/?page_id=431"},"modified":"2023-03-03T14:24:47","modified_gmt":"2023-03-03T13:24:47","slug":"massagen","status":"publish","type":"page","link":"https:\/\/talumai.ch\/en\/massagen\/","title":{"rendered":"Massage Angebot"},"content":{"rendered":"<div data-elementor-type=\"wp-page\" data-elementor-id=\"431\" class=\"elementor elementor-431\">\n\t\t\t\t\t\t<section class=\"elementor-section elementor-top-section elementor-element elementor-element-72fbf24 elementor-section-boxed elementor-section-height-default elementor-section-height-default wpr-particle-no wpr-jarallax-no wpr-parallax-no wpr-sticky-section-no\" data-id=\"72fbf24\" data-element_type=\"section\">\n\t\t\t\t\t\t<div class=\"elementor-container elementor-column-gap-default\">\n\t\t\t\t\t<div class=\"elementor-column elementor-col-100 elementor-top-column elementor-element elementor-element-c1b70ab\" data-id=\"c1b70ab\" data-element_type=\"column\">\n\t\t\t<div class=\"elementor-widget-wrap elementor-element-populated\">\n\t\t\t\t\t\t<div class=\"elementor-element elementor-element-dfcec0b elementor-widget elementor-widget-spacer\" data-id=\"dfcec0b\" data-element_type=\"widget\" data-widget_type=\"spacer.default\">\n\t\t\t\t<div class=\"elementor-widget-container\">\n\t\t\t<style>\/*! elementor - v3.22.0 - 26-06-2024 *\/\n.elementor-column .elementor-spacer-inner{height:var(--spacer-size)}.e-con{--container-widget-width:100%}.e-con-inner>.elementor-widget-spacer,.e-con>.elementor-widget-spacer{width:var(--container-widget-width,var(--spacer-size));--align-self:var(--container-widget-align-self,initial);--flex-shrink:0}.e-con-inner>.elementor-widget-spacer>.elementor-widget-container,.e-con>.elementor-widget-spacer>.elementor-widget-container{height:100%;width:100%}.e-con-inner>.elementor-widget-spacer>.elementor-widget-container>.elementor-spacer,.e-con>.elementor-widget-spacer>.elementor-widget-container>.elementor-spacer{height:100%}.e-con-inner>.elementor-widget-spacer>.elementor-widget-container>.elementor-spacer>.elementor-spacer-inner,.e-con>.elementor-widget-spacer>.elementor-widget-container>.elementor-spacer>.elementor-spacer-inner{height:var(--container-widget-height,var(--spacer-size))}.e-con-inner>.elementor-widget-spacer.elementor-widget-empty,.e-con>.elementor-widget-spacer.elementor-widget-empty{position:relative;min-height:22px;min-width:22px}.e-con-inner>.elementor-widget-spacer.elementor-widget-empty .elementor-widget-empty-icon,.e-con>.elementor-widget-spacer.elementor-widget-empty .elementor-widget-empty-icon{position:absolute;top:0;bottom:0;left:0;right:0;margin:auto;padding:0;width:22px;height:22px}<\/style>\t\t<div class=\"elementor-spacer\">\n\t\t\t<div class=\"elementor-spacer-inner\"><\/div>\n\t\t<\/div>\n\t\t\t\t<\/div>\n\t\t\t\t<\/div>\n\t\t\t\t\t<\/div>\n\t\t<\/div>\n\t\t\t\t\t<\/div>\n\t\t<\/section>\n\t\t\t\t<section class=\"elementor-section elementor-top-section elementor-element elementor-element-5dbd1a3 elementor-section-boxed elementor-section-height-default elementor-section-height-default wpr-particle-no wpr-jarallax-no wpr-parallax-no wpr-sticky-section-no\" data-id=\"5dbd1a3\" data-element_type=\"section\">\n\t\t\t\t\t\t<div class=\"elementor-container elementor-column-gap-default\">\n\t\t\t\t\t<div class=\"elementor-column elementor-col-50 elementor-top-column elementor-element elementor-element-e93ea33 elementor-invisible\" data-id=\"e93ea33\" data-element_type=\"column\" data-settings=\"{&quot;animation&quot;:&quot;zoomIn&quot;}\">\n\t\t\t<div class=\"elementor-widget-wrap elementor-element-populated\">\n\t\t\t\t\t\t<div class=\"elementor-element elementor-element-f166a56 elementor-widget elementor-widget-image\" data-id=\"f166a56\" data-element_type=\"widget\" data-widget_type=\"image.default\">\n\t\t\t\t<div class=\"elementor-widget-container\">\n\t\t\t<style>\/*! elementor - v3.22.0 - 26-06-2024 *\/\n.elementor-widget-image{text-align:center}.elementor-widget-image a{display:inline-block}.elementor-widget-image a img[src$=\".svg\"]{width:48px}.elementor-widget-image img{vertical-align:middle;display:inline-block}<\/style>\t\t\t\t\t\t\t\t\t\t<img fetchpriority=\"high\" decoding=\"async\" width=\"600\" height=\"440\" src=\"https:\/\/i0.wp.com\/talumai.ch\/wp-content\/uploads\/lomilomi-massage_zurich.jpg?fit=600%2C440&amp;ssl=1\" class=\"attachment-large size-large wp-image-894\" alt=\"Lomilomi Massage Z\u00fcrich- Talumai\" srcset=\"https:\/\/i0.wp.com\/talumai.ch\/wp-content\/uploads\/lomilomi-massage_zurich.jpg?w=600&amp;ssl=1 600w, https:\/\/i0.wp.com\/talumai.ch\/wp-content\/uploads\/lomilomi-massage_zurich.jpg?resize=300%2C220&amp;ssl=1 300w\" sizes=\"(max-width: 600px) 100vw, 600px\" \/>\t\t\t\t\t\t\t\t\t\t\t\t\t<\/div>\n\t\t\t\t<\/div>\n\t\t\t\t<div class=\"elementor-element elementor-element-a421d3a elementor-widget elementor-widget-heading\" data-id=\"a421d3a\" data-element_type=\"widget\" data-widget_type=\"heading.default\">\n\t\t\t\t<div class=\"elementor-widget-container\">\n\t\t\t<style>\/*! elementor - v3.22.0 - 26-06-2024 *\/\n.elementor-heading-title{padding:0;margin:0;line-height:1}.elementor-widget-heading .elementor-heading-title[class*=elementor-size-]>a{color:inherit;font-size:inherit;line-height:inherit}.elementor-widget-heading .elementor-heading-title.elementor-size-small{font-size:15px}.elementor-widget-heading .elementor-heading-title.elementor-size-medium{font-size:19px}.elementor-widget-heading .elementor-heading-title.elementor-size-large{font-size:29px}.elementor-widget-heading .elementor-heading-title.elementor-size-xl{font-size:39px}.elementor-widget-heading .elementor-heading-title.elementor-size-xxl{font-size:59px}<\/style><h2 class=\"elementor-heading-title elementor-size-default\">Hawaiin Lomilomi massage<\/h2>\t\t<\/div>\n\t\t\t\t<\/div>\n\t\t\t\t<div class=\"elementor-element elementor-element-6ab9666 elementor-widget elementor-widget-text-editor\" data-id=\"6ab9666\" data-element_type=\"widget\" data-widget_type=\"text-editor.default\">\n\t\t\t\t<div class=\"elementor-widget-container\">\n\t\t\t<style>\/*! elementor - v3.22.0 - 26-06-2024 *\/\n.elementor-widget-text-editor.elementor-drop-cap-view-stacked .elementor-drop-cap{background-color:#69727d;color:#fff}.elementor-widget-text-editor.elementor-drop-cap-view-framed .elementor-drop-cap{color:#69727d;border:3px solid;background-color:transparent}.elementor-widget-text-editor:not(.elementor-drop-cap-view-default) .elementor-drop-cap{margin-top:8px}.elementor-widget-text-editor:not(.elementor-drop-cap-view-default) .elementor-drop-cap-letter{width:1em;height:1em}.elementor-widget-text-editor .elementor-drop-cap{float:left;text-align:center;line-height:1;font-size:50px}.elementor-widget-text-editor .elementor-drop-cap-letter{display:inline-block}<\/style>\t\t\t\t<p>The lomilomi massage originated in Hawai'i and is a traditional body therapy.<\/p>\t\t\t\t\t\t<\/div>\n\t\t\t\t<\/div>\n\t\t\t\t<div class=\"elementor-element elementor-element-5b8cdd8 elementor-widget elementor-widget-text-editor\" data-id=\"5b8cdd8\" data-element_type=\"widget\" data-widget_type=\"text-editor.default\">\n\t\t\t\t<div class=\"elementor-widget-container\">\n\t\t\t\t\t\t\t<p style=\"font-size: 15px; letter-spacing: normal;\">Lomilomi works holistically. The massage has an effect deep down into the tissues and bones and creates space in the body. It balances the nervous system, releases blockages and relieves tension.<\/p>\t\t\t\t\t\t<\/div>\n\t\t\t\t<\/div>\n\t\t\t\t<div class=\"elementor-element elementor-element-ebd9320 elementor-widget elementor-widget-text-editor\" data-id=\"ebd9320\" data-element_type=\"widget\" data-widget_type=\"text-editor.default\">\n\t\t\t\t<div class=\"elementor-widget-container\">\n\t\t\t\t\t\t\t<p style=\"font-size: 15px; letter-spacing: normal;\"><span style=\"font-size: 15px; color: var( --e-global-color-text ); font-family: var( --e-global-typography-text-font-family ), Sans-serif; font-weight: var( --e-global-typography-text-font-weight );\">Lomilomi stimulates the free flow of energy and the person is thus accompanied into his natural strenght and balance.<\/span><\/p>\t\t\t\t\t\t<\/div>\n\t\t\t\t<\/div>\n\t\t\t\t<div class=\"elementor-element elementor-element-f93b429 elementor-widget elementor-widget-text-editor\" data-id=\"f93b429\" data-element_type=\"widget\" data-widget_type=\"text-editor.default\">\n\t\t\t\t<div class=\"elementor-widget-container\">\n\t\t\t\t\t\t\t<p><span style=\"font-size: 15px;\">It is a beautiful and healing work.<\/span><\/p>\t\t\t\t\t\t<\/div>\n\t\t\t\t<\/div>\n\t\t\t\t<div class=\"elementor-element elementor-element-d7ca99a elementor-widget elementor-widget-button\" data-id=\"d7ca99a\" data-element_type=\"widget\" data-widget_type=\"button.default\">\n\t\t\t\t<div class=\"elementor-widget-container\">\n\t\t\t\t\t<div class=\"elementor-button-wrapper\">\n\t\t\t<a class=\"elementor-button elementor-button-link elementor-size-sm\" href=\"https:\/\/talumai.ch\/en\/massagen\/lomilomi-massage\/\">\n\t\t\t\t\t\t<span class=\"elementor-button-content-wrapper\">\n\t\t\t\t\t\t\t\t\t<span class=\"elementor-button-text\">Learn more about lomilomi<\/span>\n\t\t\t\t\t<\/span>\n\t\t\t\t\t<\/a>\n\t\t<\/div>\n\t\t\t\t<\/div>\n\t\t\t\t<\/div>\n\t\t\t\t\t<\/div>\n\t\t<\/div>\n\t\t\t\t<div class=\"elementor-column elementor-col-50 elementor-top-column elementor-element elementor-element-e31902f elementor-invisible\" data-id=\"e31902f\" data-element_type=\"column\" data-settings=\"{&quot;animation&quot;:&quot;zoomIn&quot;,&quot;animation_delay&quot;:300}\">\n\t\t\t<div class=\"elementor-widget-wrap elementor-element-populated\">\n\t\t\t\t\t\t<div class=\"elementor-element elementor-element-a6107e7 elementor-widget elementor-widget-image\" data-id=\"a6107e7\" data-element_type=\"widget\" data-widget_type=\"image.default\">\n\t\t\t\t<div class=\"elementor-widget-container\">\n\t\t\t\t\t\t\t\t\t\t\t\t\t<img decoding=\"async\" width=\"600\" height=\"440\" src=\"https:\/\/i0.wp.com\/talumai.ch\/wp-content\/uploads\/fussreflexzonen-massage_zurich-1.jpg?fit=600%2C440&amp;ssl=1\" class=\"attachment-large size-large wp-image-925\" alt=\"Fussreflexzonenmassage Z\u00fcrich - Talumai\" srcset=\"https:\/\/i0.wp.com\/talumai.ch\/wp-content\/uploads\/fussreflexzonen-massage_zurich-1.jpg?w=600&amp;ssl=1 600w, https:\/\/i0.wp.com\/talumai.ch\/wp-content\/uploads\/fussreflexzonen-massage_zurich-1.jpg?resize=300%2C220&amp;ssl=1 300w\" sizes=\"(max-width: 600px) 100vw, 600px\" \/>\t\t\t\t\t\t\t\t\t\t\t\t\t<\/div>\n\t\t\t\t<\/div>\n\t\t\t\t<div class=\"elementor-element elementor-element-b31c3eb elementor-widget elementor-widget-heading\" data-id=\"b31c3eb\" data-element_type=\"widget\" data-widget_type=\"heading.default\">\n\t\t\t\t<div class=\"elementor-widget-container\">\n\t\t\t<h2 class=\"elementor-heading-title elementor-size-default\">Classic foot reflexology massage<\/h2>\t\t<\/div>\n\t\t\t\t<\/div>\n\t\t\t\t<div class=\"elementor-element elementor-element-cc0a9ce elementor-widget elementor-widget-text-editor\" data-id=\"cc0a9ce\" data-element_type=\"widget\" data-widget_type=\"text-editor.default\">\n\t\t\t\t<div class=\"elementor-widget-container\">\n\t\t\t\t\t\t\t<p>It all starts in the feet. Through our feet we are connected with the body as well as with the earth.<\/p>\t\t\t\t\t\t<\/div>\n\t\t\t\t<\/div>\n\t\t\t\t<div class=\"elementor-element elementor-element-1bf3650 elementor-widget elementor-widget-text-editor\" data-id=\"1bf3650\" data-element_type=\"widget\" data-widget_type=\"text-editor.default\">\n\t\t\t\t<div class=\"elementor-widget-container\">\n\t\t\t\t\t\t\t<p><span style=\"font-size: 15px;\">Our feet are reflexorically connected with our organs. Therefore, blockages in our various body systems can be specifically released via special pressure points in the feet.<\/span><\/p>\t\t\t\t\t\t<\/div>\n\t\t\t\t<\/div>\n\t\t\t\t<div class=\"elementor-element elementor-element-5c32dde elementor-widget elementor-widget-text-editor\" data-id=\"5c32dde\" data-element_type=\"widget\" data-widget_type=\"text-editor.default\">\n\t\t\t\t<div class=\"elementor-widget-container\">\n\t\t\t\t\t\t\t<p><span style=\"font-size: 15px;\">A foot reflexology massage stimulates the individual systems and balances the entire nervous system.<\/span><\/p>\t\t\t\t\t\t<\/div>\n\t\t\t\t<\/div>\n\t\t\t\t<div class=\"elementor-element elementor-element-c018f6e elementor-align-left elementor-widget elementor-widget-button\" data-id=\"c018f6e\" data-element_type=\"widget\" data-widget_type=\"button.default\">\n\t\t\t\t<div class=\"elementor-widget-container\">\n\t\t\t\t\t<div class=\"elementor-button-wrapper\">\n\t\t\t<a class=\"elementor-button elementor-button-link elementor-size-sm\" href=\"https:\/\/talumai.ch\/en\/fussreflexzonenmassage\/\">\n\t\t\t\t\t\t<span class=\"elementor-button-content-wrapper\">\n\t\t\t\t\t\t\t\t\t<span class=\"elementor-button-text\">Learn more about footreflexology massage<\/span>\n\t\t\t\t\t<\/span>\n\t\t\t\t\t<\/a>\n\t\t<\/div>\n\t\t\t\t<\/div>\n\t\t\t\t<\/div>\n\t\t\t\t\t<\/div>\n\t\t<\/div>\n\t\t\t\t\t<\/div>\n\t\t<\/section>\n\t\t\t\t<section class=\"elementor-section elementor-top-section elementor-element elementor-element-4a1fc15 elementor-section-boxed elementor-section-height-default elementor-section-height-default wpr-particle-no wpr-jarallax-no wpr-parallax-no wpr-sticky-section-no\" data-id=\"4a1fc15\" data-element_type=\"section\">\n\t\t\t\t\t\t<div class=\"elementor-container elementor-column-gap-default\">\n\t\t\t\t\t<div class=\"elementor-column elementor-col-100 elementor-top-column elementor-element elementor-element-0c3e799\" data-id=\"0c3e799\" data-element_type=\"column\">\n\t\t\t<div class=\"elementor-widget-wrap elementor-element-populated\">\n\t\t\t\t\t\t<div class=\"elementor-element elementor-element-dd45493 elementor-widget elementor-widget-spacer\" data-id=\"dd45493\" data-element_type=\"widget\" data-widget_type=\"spacer.default\">\n\t\t\t\t<div class=\"elementor-widget-container\">\n\t\t\t\t\t<div class=\"elementor-spacer\">\n\t\t\t<div class=\"elementor-spacer-inner\"><\/div>\n\t\t<\/div>\n\t\t\t\t<\/div>\n\t\t\t\t<\/div>\n\t\t\t\t\t<\/div>\n\t\t<\/div>\n\t\t\t\t\t<\/div>\n\t\t<\/section>\n\t\t\t\t<\/div>","protected":false},"excerpt":{"rendered":"<p>Hawaiische Lomilomi Massage Die Lomilomi Massage stammt aus Hawai\u2019i und ist eine traditionelle K\u00f6rpertherapie. Lomilomi arbeitet und wirkt ganzheitlich. Sie wirkt bis tief hinunter ins Gewebe und Knochen und schafft Raum im K\u00f6rper, gleicht das Nervensystem aus, l\u00f6st Blockaden und baut Spannungen ab. Lomilomi regt den freien Energiefluss an und der Mensch wird so in seine Kraft und sein Gleichgewicht begleitet. Es ist eine wunderbare und wohltuende K\u00f6rperarbeit. Erfahre mehr \u00fcber Lomilomi Klassische Fussreflexzonen Massage In den F\u00fcssen beginnt alles. \u00dcber sie sind wir mit dem K\u00f6rper genauso wie mit der Erde verbunden. Unsere F\u00fcsse sind reflexorisch mit unseren Organen verbunden. Deshalb k\u00f6nnen \u00fcber spezielle Druckpunkte in den F\u00fcssen gezielt Blockaden in unseren verschiedenen K\u00f6rpersystemen l\u00f6sen. Eine Fussreflexzonenmassage regt die einzelnen Systeme an und gleicht das gesamte Nervensystem aus. Erfahre mehr \u00fcber Fussreflexzonenmassage<\/p>","protected":false},"author":1,"featured_media":0,"parent":0,"menu_order":0,"comment_status":"closed","ping_status":"closed","template":"elementor_header_footer","meta":{"footnotes":""},"yoast_head":"<!-- This site is optimized with the Yoast SEO plugin v23.4 - https:\/\/yoast.com\/wordpress\/plugins\/seo\/ -->\n<title>Massage Angebot Angebot: Lomilomi &amp; Fussreflexzonenmassage - Talumai Z\u00fcrich<\/title>\n<meta name=\"description\" content=\"Massage Angebot: gesundheitsf\u00f6rdernde hawaiische Lomilomi Massage oder klassische Fussreflexzonenmassage. Bei Verspannung, Kopfschmerzen, Blockaden\" \/>\n<meta name=\"robots\" content=\"index, follow, max-snippet:-1, max-image-preview:large, max-video-preview:-1\" \/>\n<link rel=\"canonical\" href=\"https:\/\/talumai.ch\/en\/massagen\/\" \/>\n<meta property=\"og:locale\" content=\"en_US\" \/>\n<meta property=\"og:type\" content=\"article\" \/>\n<meta property=\"og:title\" content=\"Massage Angebot Angebot: Lomilomi &amp; Fussreflexzonenmassage - Talumai Z\u00fcrich\" \/>\n<meta property=\"og:description\" content=\"Massage Angebot: gesundheitsf\u00f6rdernde hawaiische Lomilomi Massage oder klassische Fussreflexzonenmassage. Bei Verspannung, Kopfschmerzen, Blockaden\" \/>\n<meta property=\"og:url\" content=\"https:\/\/talumai.ch\/en\/massagen\/\" \/>\n<meta property=\"og:site_name\" content=\"Talumai\" \/>\n<meta property=\"article:modified_time\" content=\"2023-03-03T13:24:47+00:00\" \/>\n<meta property=\"og:image\" content=\"https:\/\/talumai.ch\/wp-content\/uploads\/lomilomi-massage_zurich.jpg\" \/>\n<meta name=\"twitter:card\" content=\"summary_large_image\" \/>\n<meta name=\"twitter:label1\" content=\"Est. reading time\" \/>\n\t<meta name=\"twitter:data1\" content=\"2 minutes\" \/>\n<script type=\"application\/ld+json\" class=\"yoast-schema-graph\">{\"@context\":\"https:\/\/schema.org\",\"@graph\":[{\"@type\":\"WebPage\",\"@id\":\"https:\/\/talumai.ch\/massagen\/\",\"url\":\"https:\/\/talumai.ch\/massagen\/\",\"name\":\"Massage Angebot Angebot: Lomilomi & Fussreflexzonenmassage - Talumai Z\u00fcrich\",\"isPartOf\":{\"@id\":\"https:\/\/talumai.ch\/#website\"},\"primaryImageOfPage\":{\"@id\":\"https:\/\/talumai.ch\/massagen\/#primaryimage\"},\"image\":{\"@id\":\"https:\/\/talumai.ch\/massagen\/#primaryimage\"},\"thumbnailUrl\":\"https:\/\/talumai.ch\/wp-content\/uploads\/lomilomi-massage_zurich.jpg\",\"datePublished\":\"2022-03-08T15:50:14+00:00\",\"dateModified\":\"2023-03-03T13:24:47+00:00\",\"description\":\"Massage Angebot: gesundheitsf\u00f6rdernde hawaiische Lomilomi Massage oder klassische Fussreflexzonenmassage. Bei Verspannung, Kopfschmerzen, Blockaden\",\"breadcrumb\":{\"@id\":\"https:\/\/talumai.ch\/massagen\/#breadcrumb\"},\"inLanguage\":\"en-US\",\"potentialAction\":[{\"@type\":\"ReadAction\",\"target\":[\"https:\/\/talumai.ch\/massagen\/\"]}]},{\"@type\":\"ImageObject\",\"inLanguage\":\"en-US\",\"@id\":\"https:\/\/talumai.ch\/massagen\/#primaryimage\",\"url\":\"https:\/\/talumai.ch\/wp-content\/uploads\/lomilomi-massage_zurich.jpg\",\"contentUrl\":\"https:\/\/talumai.ch\/wp-content\/uploads\/lomilomi-massage_zurich.jpg\"},{\"@type\":\"BreadcrumbList\",\"@id\":\"https:\/\/talumai.ch\/massagen\/#breadcrumb\",\"itemListElement\":[{\"@type\":\"ListItem\",\"position\":1,\"name\":\"Startseite\",\"item\":\"https:\/\/talumai.ch\/\"},{\"@type\":\"ListItem\",\"position\":2,\"name\":\"Massage Angebot\"}]},{\"@type\":\"WebSite\",\"@id\":\"https:\/\/talumai.ch\/#website\",\"url\":\"https:\/\/talumai.ch\/\",\"name\":\"Talumai - Yoga & Massage\",\"description\":\"Massage &amp; Yoga\",\"publisher\":{\"@id\":\"https:\/\/talumai.ch\/#organization\"},\"alternateName\":\"Talumai\",\"potentialAction\":[{\"@type\":\"SearchAction\",\"target\":{\"@type\":\"EntryPoint\",\"urlTemplate\":\"https:\/\/talumai.ch\/?s={search_term_string}\"},\"query-input\":{\"@type\":\"PropertyValueSpecification\",\"valueRequired\":true,\"valueName\":\"search_term_string\"}}],\"inLanguage\":\"en-US\"},{\"@type\":\"Organization\",\"@id\":\"https:\/\/talumai.ch\/#organization\",\"name\":\"Talumai Arreghini\",\"alternateName\":\"Talumai\",\"url\":\"https:\/\/talumai.ch\/\",\"logo\":{\"@type\":\"ImageObject\",\"inLanguage\":\"en-US\",\"@id\":\"https:\/\/talumai.ch\/#\/schema\/logo\/image\/\",\"url\":\"https:\/\/i0.wp.com\/talumai.ch\/wp-content\/uploads\/cropped-talumai.png?fit=512%2C512&ssl=1\",\"contentUrl\":\"https:\/\/i0.wp.com\/talumai.ch\/wp-content\/uploads\/cropped-talumai.png?fit=512%2C512&ssl=1\",\"width\":512,\"height\":512,\"caption\":\"Talumai Arreghini\"},\"image\":{\"@id\":\"https:\/\/talumai.ch\/#\/schema\/logo\/image\/\"}}]}<\/script>\n<!-- \/ Yoast SEO plugin. -->","yoast_head_json":{"title":"Massage Angebot Angebot: Lomilomi & Fussreflexzonenmassage - Talumai Z\u00fcrich","description":"Massage Angebot: gesundheitsf\u00f6rdernde hawaiische Lomilomi Massage oder klassische Fussreflexzonenmassage. Bei Verspannung, Kopfschmerzen, Blockaden","robots":{"index":"index","follow":"follow","max-snippet":"max-snippet:-1","max-image-preview":"max-image-preview:large","max-video-preview":"max-video-preview:-1"},"canonical":"https:\/\/talumai.ch\/en\/massagen\/","og_locale":"en_US","og_type":"article","og_title":"Massage Angebot Angebot: Lomilomi & Fussreflexzonenmassage - Talumai Z\u00fcrich","og_description":"Massage Angebot: gesundheitsf\u00f6rdernde hawaiische Lomilomi Massage oder klassische Fussreflexzonenmassage. Bei Verspannung, Kopfschmerzen, Blockaden","og_url":"https:\/\/talumai.ch\/en\/massagen\/","og_site_name":"Talumai","article_modified_time":"2023-03-03T13:24:47+00:00","og_image":[{"url":"https:\/\/talumai.ch\/wp-content\/uploads\/lomilomi-massage_zurich.jpg"}],"twitter_card":"summary_large_image","twitter_misc":{"Est. reading time":"2 minutes"},"schema":{"@context":"https:\/\/schema.org","@graph":[{"@type":"WebPage","@id":"https:\/\/talumai.ch\/massagen\/","url":"https:\/\/talumai.ch\/massagen\/","name":"Massage Angebot Angebot: Lomilomi & Fussreflexzonenmassage - Talumai Z\u00fcrich","isPartOf":{"@id":"https:\/\/talumai.ch\/#website"},"primaryImageOfPage":{"@id":"https:\/\/talumai.ch\/massagen\/#primaryimage"},"image":{"@id":"https:\/\/talumai.ch\/massagen\/#primaryimage"},"thumbnailUrl":"https:\/\/talumai.ch\/wp-content\/uploads\/lomilomi-massage_zurich.jpg","datePublished":"2022-03-08T15:50:14+00:00","dateModified":"2023-03-03T13:24:47+00:00","description":"Massage Angebot: gesundheitsf\u00f6rdernde hawaiische Lomilomi Massage oder klassische Fussreflexzonenmassage. Bei Verspannung, Kopfschmerzen, Blockaden","breadcrumb":{"@id":"https:\/\/talumai.ch\/massagen\/#breadcrumb"},"inLanguage":"en-US","potentialAction":[{"@type":"ReadAction","target":["https:\/\/talumai.ch\/massagen\/"]}]},{"@type":"ImageObject","inLanguage":"en-US","@id":"https:\/\/talumai.ch\/massagen\/#primaryimage","url":"https:\/\/talumai.ch\/wp-content\/uploads\/lomilomi-massage_zurich.jpg","contentUrl":"https:\/\/talumai.ch\/wp-content\/uploads\/lomilomi-massage_zurich.jpg"},{"@type":"BreadcrumbList","@id":"https:\/\/talumai.ch\/massagen\/#breadcrumb","itemListElement":[{"@type":"ListItem","position":1,"name":"Startseite","item":"https:\/\/talumai.ch\/"},{"@type":"ListItem","position":2,"name":"Massage Angebot"}]},{"@type":"WebSite","@id":"https:\/\/talumai.ch\/#website","url":"https:\/\/talumai.ch\/","name":"Talumai - Yoga & Massage","description":"Massage &amp; Yoga","publisher":{"@id":"https:\/\/talumai.ch\/#organization"},"alternateName":"Talumai","potentialAction":[{"@type":"SearchAction","target":{"@type":"EntryPoint","urlTemplate":"https:\/\/talumai.ch\/?s={search_term_string}"},"query-input":{"@type":"PropertyValueSpecification","valueRequired":true,"valueName":"search_term_string"}}],"inLanguage":"en-US"},{"@type":"Organization","@id":"https:\/\/talumai.ch\/#organization","name":"Talumai Arreghini","alternateName":"Talumai","url":"https:\/\/talumai.ch\/","logo":{"@type":"ImageObject","inLanguage":"en-US","@id":"https:\/\/talumai.ch\/#\/schema\/logo\/image\/","url":"https:\/\/i0.wp.com\/talumai.ch\/wp-content\/uploads\/cropped-talumai.png?fit=512%2C512&ssl=1","contentUrl":"https:\/\/i0.wp.com\/talumai.ch\/wp-content\/uploads\/cropped-talumai.png?fit=512%2C512&ssl=1","width":512,"height":512,"caption":"Talumai Arreghini"},"image":{"@id":"https:\/\/talumai.ch\/#\/schema\/logo\/image\/"}}]}},"jetpack_sharing_enabled":true,"acf":[],"_links":{"self":[{"href":"https:\/\/talumai.ch\/en\/wp-json\/wp\/v2\/pages\/431"}],"collection":[{"href":"https:\/\/talumai.ch\/en\/wp-json\/wp\/v2\/pages"}],"about":[{"href":"https:\/\/talumai.ch\/en\/wp-json\/wp\/v2\/types\/page"}],"author":[{"embeddable":true,"href":"https:\/\/talumai.ch\/en\/wp-json\/wp\/v2\/users\/1"}],"replies":[{"embeddable":true,"href":"https:\/\/talumai.ch\/en\/wp-json\/wp\/v2\/comments?post=431"}],"version-history":[{"count":3,"href":"https:\/\/talumai.ch\/en\/wp-json\/wp\/v2\/pages\/431\/revisions"}],"predecessor-version":[{"id":4056,"href":"https:\/\/talumai.ch\/en\/wp-json\/wp\/v2\/pages\/431\/revisions\/4056"}],"wp:attachment":[{"href":"https:\/\/talumai.ch\/en\/wp-json\/wp\/v2\/media?parent=431"}],"curies":[{"name":"wp","href":"https:\/\/api.w.org\/{rel}","templated":true}]}}