{"id":228,"date":"2022-03-03T11:06:52","date_gmt":"2022-03-03T10:06:52","guid":{"rendered":"https:\/\/www.talumai.ch\/?page_id=228"},"modified":"2024-07-02T19:50:06","modified_gmt":"2024-07-02T18:50:06","slug":"allgemeine-geschaeftsbedingungen","status":"publish","type":"page","link":"https:\/\/talumai.ch\/en\/allgemeine-geschaeftsbedingungen\/","title":{"rendered":"General terms and conditions of business"},"content":{"rendered":"<div data-elementor-type=\"wp-page\" data-elementor-id=\"228\" class=\"elementor elementor-228\">\n\t\t\t\t\t\t<section class=\"elementor-section elementor-top-section elementor-element elementor-element-40e897e7 elementor-section-boxed elementor-section-height-default elementor-section-height-default wpr-particle-no wpr-jarallax-no wpr-parallax-no wpr-sticky-section-no\" data-id=\"40e897e7\" data-element_type=\"section\">\n\t\t\t\t\t\t<div class=\"elementor-container elementor-column-gap-default\">\n\t\t\t\t\t<div class=\"elementor-column elementor-col-100 elementor-top-column elementor-element elementor-element-16420672\" data-id=\"16420672\" data-element_type=\"column\">\n\t\t\t<div class=\"elementor-widget-wrap elementor-element-populated\">\n\t\t\t\t\t\t<div class=\"elementor-element elementor-element-8d6317a elementor-widget elementor-widget-spacer\" data-id=\"8d6317a\" data-element_type=\"widget\" data-widget_type=\"spacer.default\">\n\t\t\t\t<div class=\"elementor-widget-container\">\n\t\t\t<style>\/*! elementor - v3.22.0 - 26-06-2024 *\/\n.elementor-column .elementor-spacer-inner{height:var(--spacer-size)}.e-con{--container-widget-width:100%}.e-con-inner>.elementor-widget-spacer,.e-con>.elementor-widget-spacer{width:var(--container-widget-width,var(--spacer-size));--align-self:var(--container-widget-align-self,initial);--flex-shrink:0}.e-con-inner>.elementor-widget-spacer>.elementor-widget-container,.e-con>.elementor-widget-spacer>.elementor-widget-container{height:100%;width:100%}.e-con-inner>.elementor-widget-spacer>.elementor-widget-container>.elementor-spacer,.e-con>.elementor-widget-spacer>.elementor-widget-container>.elementor-spacer{height:100%}.e-con-inner>.elementor-widget-spacer>.elementor-widget-container>.elementor-spacer>.elementor-spacer-inner,.e-con>.elementor-widget-spacer>.elementor-widget-container>.elementor-spacer>.elementor-spacer-inner{height:var(--container-widget-height,var(--spacer-size))}.e-con-inner>.elementor-widget-spacer.elementor-widget-empty,.e-con>.elementor-widget-spacer.elementor-widget-empty{position:relative;min-height:22px;min-width:22px}.e-con-inner>.elementor-widget-spacer.elementor-widget-empty .elementor-widget-empty-icon,.e-con>.elementor-widget-spacer.elementor-widget-empty .elementor-widget-empty-icon{position:absolute;top:0;bottom:0;left:0;right:0;margin:auto;padding:0;width:22px;height:22px}<\/style>\t\t<div class=\"elementor-spacer\">\n\t\t\t<div class=\"elementor-spacer-inner\"><\/div>\n\t\t<\/div>\n\t\t\t\t<\/div>\n\t\t\t\t<\/div>\n\t\t\t\t<div class=\"elementor-element elementor-element-27e7583 elementor-widget elementor-widget-heading\" data-id=\"27e7583\" data-element_type=\"widget\" data-widget_type=\"heading.default\">\n\t\t\t\t<div class=\"elementor-widget-container\">\n\t\t\t<style>\/*! elementor - v3.22.0 - 26-06-2024 *\/\n.elementor-heading-title{padding:0;margin:0;line-height:1}.elementor-widget-heading .elementor-heading-title[class*=elementor-size-]>a{color:inherit;font-size:inherit;line-height:inherit}.elementor-widget-heading .elementor-heading-title.elementor-size-small{font-size:15px}.elementor-widget-heading .elementor-heading-title.elementor-size-medium{font-size:19px}.elementor-widget-heading .elementor-heading-title.elementor-size-large{font-size:29px}.elementor-widget-heading .elementor-heading-title.elementor-size-xl{font-size:39px}.elementor-widget-heading .elementor-heading-title.elementor-size-xxl{font-size:59px}<\/style><h2 class=\"elementor-heading-title elementor-size-default\"><h2 style=\"white-space: normal;\"><span style=\"color: var( --e-global-color-primary ); font-family: var( --e-global-typography-primary-font-family ), Sans-serif; font-size: 27px; font-weight: var( --e-global-typography-primary-font-weight ); white-space: pre-wrap; letter-spacing: 0px;\">Scope of the General Terms and Conditions<\/span><span style=\"color: var( --e-global-color-primary ); font-family: var( --e-global-typography-primary-font-family ), Sans-serif; font-size: 27px; font-weight: var( --e-global-typography-primary-font-weight ); white-space: pre-wrap; letter-spacing: 0px;\"><\/span><br><\/h2><\/h2>\t\t<\/div>\n\t\t\t\t<\/div>\n\t\t\t\t<div class=\"elementor-element elementor-element-3bd72e9 elementor-widget elementor-widget-text-editor\" data-id=\"3bd72e9\" data-element_type=\"widget\" data-widget_type=\"text-editor.default\">\n\t\t\t\t<div class=\"elementor-widget-container\">\n\t\t\t<style>\/*! elementor - v3.22.0 - 26-06-2024 *\/\n.elementor-widget-text-editor.elementor-drop-cap-view-stacked .elementor-drop-cap{background-color:#69727d;color:#fff}.elementor-widget-text-editor.elementor-drop-cap-view-framed .elementor-drop-cap{color:#69727d;border:3px solid;background-color:transparent}.elementor-widget-text-editor:not(.elementor-drop-cap-view-default) .elementor-drop-cap{margin-top:8px}.elementor-widget-text-editor:not(.elementor-drop-cap-view-default) .elementor-drop-cap-letter{width:1em;height:1em}.elementor-widget-text-editor .elementor-drop-cap{float:left;text-align:center;line-height:1;font-size:50px}.elementor-widget-text-editor .elementor-drop-cap-letter{display:inline-block}<\/style>\t\t\t\t<p><span style=\"font-size: 15px;\">Die AGB\u2019s umfassen s\u00e4mtliche von Talumai angebotenen Aktivit\u00e4ten wie z.B. Gruppenstunden, Privatstunden oder Massagetermine. Mit der Nutzung einer oder mehrerer Dienstleistungen mit Talumai erkl\u00e4rt sich der Kunde\/die Kundin unwiderruflich\u00a0mit der Anwendung der vorliegenden AGB einverstanden.<\/span><\/p>\t\t\t\t\t\t<\/div>\n\t\t\t\t<\/div>\n\t\t\t\t<div class=\"elementor-element elementor-element-090315d elementor-widget elementor-widget-heading\" data-id=\"090315d\" data-element_type=\"widget\" data-widget_type=\"heading.default\">\n\t\t\t\t<div class=\"elementor-widget-container\">\n\t\t\t<h2 class=\"elementor-heading-title elementor-size-default\">Prices and payment<\/h2>\t\t<\/div>\n\t\t\t\t<\/div>\n\t\t\t\t<div class=\"elementor-element elementor-element-de563a0 elementor-widget elementor-widget-text-editor\" data-id=\"de563a0\" data-element_type=\"widget\" data-widget_type=\"text-editor.default\">\n\t\t\t\t<div class=\"elementor-widget-container\">\n\t\t\t\t\t\t\t<p style=\"font-size: 15px; letter-spacing: normal;\">Die Bezahlung erfolgt bei Einzelstunden\/-massagen vor Ort in bar oder per Twint.<\/p>\n<p style=\"font-size: 15px; letter-spacing: normal;\">Die Bezahlung bei Abos erfolgt bar, per Twint oder Einzahlung. Die Bezahlung ist vorab zu leisten.<\/p>\n<p style=\"font-size: 15px; letter-spacing: normal;\">Alle Preise sind in CHF.<\/p>\t\t\t\t\t\t<\/div>\n\t\t\t\t<\/div>\n\t\t\t\t<div class=\"elementor-element elementor-element-017a399 elementor-widget elementor-widget-heading\" data-id=\"017a399\" data-element_type=\"widget\" data-widget_type=\"heading.default\">\n\t\t\t\t<div class=\"elementor-widget-container\">\n\t\t\t<h2 class=\"elementor-heading-title elementor-size-default\">Cancellation and delay<\/h2>\t\t<\/div>\n\t\t\t\t<\/div>\n\t\t\t\t<div class=\"elementor-element elementor-element-a958582 elementor-widget elementor-widget-text-editor\" data-id=\"a958582\" data-element_type=\"widget\" data-widget_type=\"text-editor.default\">\n\t\t\t\t<div class=\"elementor-widget-container\">\n\t\t\t\t\t\t\t<p><span style=\"font-size: 15px;\">Bei vers\u00e4umten Terminen oder Terminen\u00a0welche nicht min. 24 Stunden vorher abgesagt wurden, wird\u00a0die reservierte Zeit in Rechnung gestellt.<\/span><\/p>\t\t\t\t\t\t<\/div>\n\t\t\t\t<\/div>\n\t\t\t\t<div class=\"elementor-element elementor-element-e2626dd elementor-widget elementor-widget-text-editor\" data-id=\"e2626dd\" data-element_type=\"widget\" data-widget_type=\"text-editor.default\">\n\t\t\t\t<div class=\"elementor-widget-container\">\n\t\t\t\t\t\t\t<p>D<span style=\"font-size: 15px; color: var( --e-global-color-text ); font-family: var( --e-global-typography-text-font-family ), Sans-serif; font-weight: var( --e-global-typography-text-font-weight ); letter-spacing: 0px;\">ie Zeit f\u00fcr einen Termin ist fix reserviert, weshalb bei Versp\u00e4tungen der jeweilige Termin nicht verl\u00e4ngert werden kann.<\/span><\/p>\t\t\t\t\t\t<\/div>\n\t\t\t\t<\/div>\n\t\t\t\t<div class=\"elementor-element elementor-element-f8baffc elementor-widget elementor-widget-heading\" data-id=\"f8baffc\" data-element_type=\"widget\" data-widget_type=\"heading.default\">\n\t\t\t\t<div class=\"elementor-widget-container\">\n\t\t\t<h2 class=\"elementor-heading-title elementor-size-default\">Data privacy<\/h2>\t\t<\/div>\n\t\t\t\t<\/div>\n\t\t\t\t<div class=\"elementor-element elementor-element-2cd2bdc elementor-widget elementor-widget-text-editor\" data-id=\"2cd2bdc\" data-element_type=\"widget\" data-widget_type=\"text-editor.default\">\n\t\t\t\t<div class=\"elementor-widget-container\">\n\t\t\t\t\t\t\t<p><span style=\"font-size: 15px;\">Die Talumai Angebote unterliegen der Schweigepflicht. Kundendaten werden vertraulich behandelt und nicht an Dritte weitergegeben.<\/span><\/p>\t\t\t\t\t\t<\/div>\n\t\t\t\t<\/div>\n\t\t\t\t<div class=\"elementor-element elementor-element-8fa81a9 elementor-widget elementor-widget-heading\" data-id=\"8fa81a9\" data-element_type=\"widget\" data-widget_type=\"heading.default\">\n\t\t\t\t<div class=\"elementor-widget-container\">\n\t\t\t<h2 class=\"elementor-heading-title elementor-size-default\">Personal responsibility<\/h2>\t\t<\/div>\n\t\t\t\t<\/div>\n\t\t\t\t<div class=\"elementor-element elementor-element-b25f8db elementor-widget elementor-widget-text-editor\" data-id=\"b25f8db\" data-element_type=\"widget\" data-widget_type=\"text-editor.default\">\n\t\t\t\t<div class=\"elementor-widget-container\">\n\t\t\t\t\t\t\t<p><span style=\"font-size: 15px;\">Bei allen Talumai Angeboten ist Selbstverantwortung, gesunder Menschenverstand sowie\u00a0normale psychische und physische Belastbarkeit und Kondition vorausgesetzt.\u00a0Das Angebot wird vom Kunden eigenverantwortlich genutzt und die Nutzung liegt grunds\u00e4tzlich in seinem Ermessen und seiner Verantwortung.<\/span><\/p>\t\t\t\t\t\t<\/div>\n\t\t\t\t<\/div>\n\t\t\t\t<div class=\"elementor-element elementor-element-a7ff086 elementor-widget elementor-widget-text-editor\" data-id=\"a7ff086\" data-element_type=\"widget\" data-widget_type=\"text-editor.default\">\n\t\t\t\t<div class=\"elementor-widget-container\">\n\t\t\t\t\t\t\t<p><span style=\"font-size: 15px;\">Gesundheitliche Einschr\u00e4nkungen, seien diese physisch oder psychisch, sowie Schwangerschaften m\u00fcssen vor Inanspruchnahme eines Angebots mitgeteilt werden. Bei akuten oder schweren chronischen Leiden sollte vorher unbedingt mit dem Arzt gekl\u00e4rt werden, ob das Angebot zu diesem Zeitpunkt sinnvoll ist. Die Angebote mit Talumai ersetzen weder einen\u00a0Arzt noch eine Therapie.<\/span><\/p>\t\t\t\t\t\t<\/div>\n\t\t\t\t<\/div>\n\t\t\t\t<div class=\"elementor-element elementor-element-e258d91 elementor-widget elementor-widget-heading\" data-id=\"e258d91\" data-element_type=\"widget\" data-widget_type=\"heading.default\">\n\t\t\t\t<div class=\"elementor-widget-container\">\n\t\t\t<h2 class=\"elementor-heading-title elementor-size-default\">Place of jurisdiction<\/h2>\t\t<\/div>\n\t\t\t\t<\/div>\n\t\t\t\t<div class=\"elementor-element elementor-element-563b9907 elementor-widget elementor-widget-text-editor\" data-id=\"563b9907\" data-element_type=\"widget\" data-widget_type=\"text-editor.default\">\n\t\t\t\t<div class=\"elementor-widget-container\">\n\t\t\t\t\t\t\t<p><!-- wp:heading --><\/p>\n<p>Es gilt Schweizer Recht; f\u00fcr allf\u00e4llige Streitigkeiten wird in einer ersten Instanz eine z\u00fcrcherische Schlichtungsstelle konsultiert. Weiterf\u00fchrende Unstimmigkeiten, welche mit der Schlichtungsstelle nicht bereinigt werden k\u00f6nnen, so ist in der Folge die ausschliessliche Zust\u00e4ndigkeit des jeweiligen Gerichtes in Z\u00fcrich im Rahmen deren jeweiliger Wertzust\u00e4ndigkeit vereinbart.<\/p>\n<p><!-- \/wp:paragraph --><\/p>\t\t\t\t\t\t<\/div>\n\t\t\t\t<\/div>\n\t\t\t\t<div class=\"elementor-element elementor-element-95f04ae elementor-widget elementor-widget-text-editor\" data-id=\"95f04ae\" data-element_type=\"widget\" data-widget_type=\"text-editor.default\">\n\t\t\t\t<div class=\"elementor-widget-container\">\n\t\t\t\t\t\t\t<p><span style=\"font-size: 15px;\">Z\u00fcrich, Januar 2024<\/span><\/p>\t\t\t\t\t\t<\/div>\n\t\t\t\t<\/div>\n\t\t\t\t\t<\/div>\n\t\t<\/div>\n\t\t\t\t\t<\/div>\n\t\t<\/section>\n\t\t\t\t<\/div>","protected":false},"excerpt":{"rendered":"<p>Geltungsbereich der AGB&#8217;s Die AGB\u2019s umfassen s\u00e4mtliche von Talumai angebotenen Aktivit\u00e4ten wie z.B. Gruppenstunden, Privatstunden oder Massagetermine. Mit der Nutzung einer oder mehrerer Dienstleistungen mit Talumai erkl\u00e4rt sich der Kunde\/die Kundin unwiderruflich\u00a0mit der Anwendung der vorliegenden AGB einverstanden. Preise und Bezahlung Die Bezahlung erfolgt bei Einzelstunden\/-massagen vor Ort in bar oder per Twint. Die Bezahlung bei Abos erfolgt bar, per Twint oder Einzahlung. Die Bezahlung ist vorab zu leisten. Alle Preise sind in CHF. Absage und Versp\u00e4tung Bei vers\u00e4umten Terminen oder Terminen\u00a0welche nicht min. 24 Stunden vorher abgesagt wurden, wird\u00a0die reservierte Zeit in Rechnung gestellt. Die Zeit f\u00fcr einen Termin ist fix reserviert, weshalb bei Versp\u00e4tungen der jeweilige Termin nicht verl\u00e4ngert werden kann. Datenschutz Die Talumai Angebote unterliegen der Schweigepflicht. Kundendaten werden vertraulich behandelt und nicht an Dritte weitergegeben. Eigenverantwortung Bei allen Talumai Angeboten ist Selbstverantwortung, gesunder Menschenverstand sowie\u00a0normale psychische und physische Belastbarkeit und Kondition vorausgesetzt.\u00a0Das Angebot wird vom Kunden eigenverantwortlich genutzt und die Nutzung liegt grunds\u00e4tzlich in seinem Ermessen und seiner Verantwortung. Gesundheitliche Einschr\u00e4nkungen, seien diese physisch oder psychisch, sowie Schwangerschaften m\u00fcssen vor Inanspruchnahme eines Angebots mitgeteilt werden. Bei akuten oder schweren chronischen Leiden sollte vorher unbedingt mit dem Arzt gekl\u00e4rt werden, ob das Angebot zu diesem Zeitpunkt sinnvoll ist. Die Angebote mit Talumai ersetzen weder einen\u00a0Arzt noch eine Therapie. Gerichtsstand Es gilt Schweizer Recht; f\u00fcr allf\u00e4llige Streitigkeiten wird in einer ersten Instanz eine z\u00fcrcherische Schlichtungsstelle konsultiert. Weiterf\u00fchrende Unstimmigkeiten, welche mit der Schlichtungsstelle nicht bereinigt werden k\u00f6nnen, so ist in der Folge die ausschliessliche Zust\u00e4ndigkeit des jeweiligen Gerichtes in Z\u00fcrich im Rahmen deren jeweiliger Wertzust\u00e4ndigkeit vereinbart. Z\u00fcrich, Januar 2024<\/p>","protected":false},"author":1,"featured_media":0,"parent":0,"menu_order":0,"comment_status":"closed","ping_status":"closed","template":"","meta":{"footnotes":""},"yoast_head":"<!-- This site is optimized with the Yoast SEO plugin v23.4 - https:\/\/yoast.com\/wordpress\/plugins\/seo\/ -->\n<title>Allgemeine Gesch\u00e4ftsbedingungen - Talumai<\/title>\n<meta name=\"robots\" content=\"index, follow, max-snippet:-1, max-image-preview:large, max-video-preview:-1\" \/>\n<link rel=\"canonical\" href=\"https:\/\/talumai.ch\/en\/allgemeine-geschaeftsbedingungen\/\" \/>\n<meta property=\"og:locale\" content=\"en_US\" \/>\n<meta property=\"og:type\" content=\"article\" \/>\n<meta property=\"og:title\" content=\"Allgemeine Gesch\u00e4ftsbedingungen - Talumai\" \/>\n<meta property=\"og:description\" content=\"Geltungsbereich der AGB&#8217;s Die AGB\u2019s umfassen s\u00e4mtliche von Talumai angebotenen Aktivit\u00e4ten wie z.B. Gruppenstunden, Privatstunden oder Massagetermine. Mit der Nutzung einer oder mehrerer Dienstleistungen mit Talumai erkl\u00e4rt sich der Kunde\/die Kundin unwiderruflich\u00a0mit der Anwendung der vorliegenden AGB einverstanden. Preise und Bezahlung Die Bezahlung erfolgt bei Einzelstunden\/-massagen vor Ort in bar oder per Twint. Die Bezahlung bei Abos erfolgt bar, per Twint oder Einzahlung. Die Bezahlung ist vorab zu leisten. Alle Preise sind in CHF. Absage und Versp\u00e4tung Bei vers\u00e4umten Terminen oder Terminen\u00a0welche nicht min. 24 Stunden vorher abgesagt wurden, wird\u00a0die reservierte Zeit in Rechnung gestellt. Die Zeit f\u00fcr einen Termin ist fix reserviert, weshalb bei Versp\u00e4tungen der jeweilige Termin nicht verl\u00e4ngert werden kann. Datenschutz Die Talumai Angebote unterliegen der Schweigepflicht. Kundendaten werden vertraulich behandelt und nicht an Dritte weitergegeben. Eigenverantwortung Bei allen Talumai Angeboten ist Selbstverantwortung, gesunder Menschenverstand sowie\u00a0normale psychische und physische Belastbarkeit und Kondition vorausgesetzt.\u00a0Das Angebot wird vom Kunden eigenverantwortlich genutzt und die Nutzung liegt grunds\u00e4tzlich in seinem Ermessen und seiner Verantwortung. Gesundheitliche Einschr\u00e4nkungen, seien diese physisch oder psychisch, sowie Schwangerschaften m\u00fcssen vor Inanspruchnahme eines Angebots mitgeteilt werden. Bei akuten oder schweren chronischen Leiden sollte vorher unbedingt mit dem Arzt gekl\u00e4rt werden, ob das Angebot zu diesem Zeitpunkt sinnvoll ist. Die Angebote mit Talumai ersetzen weder einen\u00a0Arzt noch eine Therapie. Gerichtsstand Es gilt Schweizer Recht; f\u00fcr allf\u00e4llige Streitigkeiten wird in einer ersten Instanz eine z\u00fcrcherische Schlichtungsstelle konsultiert. Weiterf\u00fchrende Unstimmigkeiten, welche mit der Schlichtungsstelle nicht bereinigt werden k\u00f6nnen, so ist in der Folge die ausschliessliche Zust\u00e4ndigkeit des jeweiligen Gerichtes in Z\u00fcrich im Rahmen deren jeweiliger Wertzust\u00e4ndigkeit vereinbart. Z\u00fcrich, Januar 2024\" \/>\n<meta property=\"og:url\" content=\"https:\/\/talumai.ch\/en\/allgemeine-geschaeftsbedingungen\/\" \/>\n<meta property=\"og:site_name\" content=\"Talumai\" \/>\n<meta property=\"article:modified_time\" content=\"2024-07-02T18:50:06+00:00\" \/>\n<meta name=\"twitter:card\" content=\"summary_large_image\" \/>\n<meta name=\"twitter:label1\" content=\"Est. reading time\" \/>\n\t<meta name=\"twitter:data1\" content=\"2 minutes\" \/>\n<script type=\"application\/ld+json\" class=\"yoast-schema-graph\">{\"@context\":\"https:\/\/schema.org\",\"@graph\":[{\"@type\":\"WebPage\",\"@id\":\"https:\/\/talumai.ch\/allgemeine-geschaeftsbedingungen\/\",\"url\":\"https:\/\/talumai.ch\/allgemeine-geschaeftsbedingungen\/\",\"name\":\"Allgemeine Gesch\u00e4ftsbedingungen - Talumai\",\"isPartOf\":{\"@id\":\"https:\/\/talumai.ch\/#website\"},\"datePublished\":\"2022-03-03T10:06:52+00:00\",\"dateModified\":\"2024-07-02T18:50:06+00:00\",\"breadcrumb\":{\"@id\":\"https:\/\/talumai.ch\/allgemeine-geschaeftsbedingungen\/#breadcrumb\"},\"inLanguage\":\"en-US\",\"potentialAction\":[{\"@type\":\"ReadAction\",\"target\":[\"https:\/\/talumai.ch\/allgemeine-geschaeftsbedingungen\/\"]}]},{\"@type\":\"BreadcrumbList\",\"@id\":\"https:\/\/talumai.ch\/allgemeine-geschaeftsbedingungen\/#breadcrumb\",\"itemListElement\":[{\"@type\":\"ListItem\",\"position\":1,\"name\":\"Startseite\",\"item\":\"https:\/\/talumai.ch\/\"},{\"@type\":\"ListItem\",\"position\":2,\"name\":\"Allgemeine Gesch\u00e4ftsbedingungen\"}]},{\"@type\":\"WebSite\",\"@id\":\"https:\/\/talumai.ch\/#website\",\"url\":\"https:\/\/talumai.ch\/\",\"name\":\"Talumai - Yoga & Massage\",\"description\":\"Massage &amp; Yoga\",\"publisher\":{\"@id\":\"https:\/\/talumai.ch\/#organization\"},\"alternateName\":\"Talumai\",\"potentialAction\":[{\"@type\":\"SearchAction\",\"target\":{\"@type\":\"EntryPoint\",\"urlTemplate\":\"https:\/\/talumai.ch\/?s={search_term_string}\"},\"query-input\":{\"@type\":\"PropertyValueSpecification\",\"valueRequired\":true,\"valueName\":\"search_term_string\"}}],\"inLanguage\":\"en-US\"},{\"@type\":\"Organization\",\"@id\":\"https:\/\/talumai.ch\/#organization\",\"name\":\"Talumai Arreghini\",\"alternateName\":\"Talumai\",\"url\":\"https:\/\/talumai.ch\/\",\"logo\":{\"@type\":\"ImageObject\",\"inLanguage\":\"en-US\",\"@id\":\"https:\/\/talumai.ch\/#\/schema\/logo\/image\/\",\"url\":\"https:\/\/i0.wp.com\/talumai.ch\/wp-content\/uploads\/cropped-talumai.png?fit=512%2C512&ssl=1\",\"contentUrl\":\"https:\/\/i0.wp.com\/talumai.ch\/wp-content\/uploads\/cropped-talumai.png?fit=512%2C512&ssl=1\",\"width\":512,\"height\":512,\"caption\":\"Talumai Arreghini\"},\"image\":{\"@id\":\"https:\/\/talumai.ch\/#\/schema\/logo\/image\/\"}}]}<\/script>\n<!-- \/ Yoast SEO plugin. -->","yoast_head_json":{"title":"Allgemeine Gesch\u00e4ftsbedingungen - Talumai","robots":{"index":"index","follow":"follow","max-snippet":"max-snippet:-1","max-image-preview":"max-image-preview:large","max-video-preview":"max-video-preview:-1"},"canonical":"https:\/\/talumai.ch\/en\/allgemeine-geschaeftsbedingungen\/","og_locale":"en_US","og_type":"article","og_title":"Allgemeine Gesch\u00e4ftsbedingungen - Talumai","og_description":"Geltungsbereich der AGB&#8217;s Die AGB\u2019s umfassen s\u00e4mtliche von Talumai angebotenen Aktivit\u00e4ten wie z.B. Gruppenstunden, Privatstunden oder Massagetermine. Mit der Nutzung einer oder mehrerer Dienstleistungen mit Talumai erkl\u00e4rt sich der Kunde\/die Kundin unwiderruflich\u00a0mit der Anwendung der vorliegenden AGB einverstanden. Preise und Bezahlung Die Bezahlung erfolgt bei Einzelstunden\/-massagen vor Ort in bar oder per Twint. Die Bezahlung bei Abos erfolgt bar, per Twint oder Einzahlung. Die Bezahlung ist vorab zu leisten. Alle Preise sind in CHF. Absage und Versp\u00e4tung Bei vers\u00e4umten Terminen oder Terminen\u00a0welche nicht min. 24 Stunden vorher abgesagt wurden, wird\u00a0die reservierte Zeit in Rechnung gestellt. Die Zeit f\u00fcr einen Termin ist fix reserviert, weshalb bei Versp\u00e4tungen der jeweilige Termin nicht verl\u00e4ngert werden kann. Datenschutz Die Talumai Angebote unterliegen der Schweigepflicht. Kundendaten werden vertraulich behandelt und nicht an Dritte weitergegeben. Eigenverantwortung Bei allen Talumai Angeboten ist Selbstverantwortung, gesunder Menschenverstand sowie\u00a0normale psychische und physische Belastbarkeit und Kondition vorausgesetzt.\u00a0Das Angebot wird vom Kunden eigenverantwortlich genutzt und die Nutzung liegt grunds\u00e4tzlich in seinem Ermessen und seiner Verantwortung. Gesundheitliche Einschr\u00e4nkungen, seien diese physisch oder psychisch, sowie Schwangerschaften m\u00fcssen vor Inanspruchnahme eines Angebots mitgeteilt werden. Bei akuten oder schweren chronischen Leiden sollte vorher unbedingt mit dem Arzt gekl\u00e4rt werden, ob das Angebot zu diesem Zeitpunkt sinnvoll ist. Die Angebote mit Talumai ersetzen weder einen\u00a0Arzt noch eine Therapie. Gerichtsstand Es gilt Schweizer Recht; f\u00fcr allf\u00e4llige Streitigkeiten wird in einer ersten Instanz eine z\u00fcrcherische Schlichtungsstelle konsultiert. Weiterf\u00fchrende Unstimmigkeiten, welche mit der Schlichtungsstelle nicht bereinigt werden k\u00f6nnen, so ist in der Folge die ausschliessliche Zust\u00e4ndigkeit des jeweiligen Gerichtes in Z\u00fcrich im Rahmen deren jeweiliger Wertzust\u00e4ndigkeit vereinbart. Z\u00fcrich, Januar 2024","og_url":"https:\/\/talumai.ch\/en\/allgemeine-geschaeftsbedingungen\/","og_site_name":"Talumai","article_modified_time":"2024-07-02T18:50:06+00:00","twitter_card":"summary_large_image","twitter_misc":{"Est. reading time":"2 minutes"},"schema":{"@context":"https:\/\/schema.org","@graph":[{"@type":"WebPage","@id":"https:\/\/talumai.ch\/allgemeine-geschaeftsbedingungen\/","url":"https:\/\/talumai.ch\/allgemeine-geschaeftsbedingungen\/","name":"Allgemeine Gesch\u00e4ftsbedingungen - Talumai","isPartOf":{"@id":"https:\/\/talumai.ch\/#website"},"datePublished":"2022-03-03T10:06:52+00:00","dateModified":"2024-07-02T18:50:06+00:00","breadcrumb":{"@id":"https:\/\/talumai.ch\/allgemeine-geschaeftsbedingungen\/#breadcrumb"},"inLanguage":"en-US","potentialAction":[{"@type":"ReadAction","target":["https:\/\/talumai.ch\/allgemeine-geschaeftsbedingungen\/"]}]},{"@type":"BreadcrumbList","@id":"https:\/\/talumai.ch\/allgemeine-geschaeftsbedingungen\/#breadcrumb","itemListElement":[{"@type":"ListItem","position":1,"name":"Startseite","item":"https:\/\/talumai.ch\/"},{"@type":"ListItem","position":2,"name":"Allgemeine Gesch\u00e4ftsbedingungen"}]},{"@type":"WebSite","@id":"https:\/\/talumai.ch\/#website","url":"https:\/\/talumai.ch\/","name":"Talumai - Yoga & Massage","description":"Massage &amp; Yoga","publisher":{"@id":"https:\/\/talumai.ch\/#organization"},"alternateName":"Talumai","potentialAction":[{"@type":"SearchAction","target":{"@type":"EntryPoint","urlTemplate":"https:\/\/talumai.ch\/?s={search_term_string}"},"query-input":{"@type":"PropertyValueSpecification","valueRequired":true,"valueName":"search_term_string"}}],"inLanguage":"en-US"},{"@type":"Organization","@id":"https:\/\/talumai.ch\/#organization","name":"Talumai Arreghini","alternateName":"Talumai","url":"https:\/\/talumai.ch\/","logo":{"@type":"ImageObject","inLanguage":"en-US","@id":"https:\/\/talumai.ch\/#\/schema\/logo\/image\/","url":"https:\/\/i0.wp.com\/talumai.ch\/wp-content\/uploads\/cropped-talumai.png?fit=512%2C512&ssl=1","contentUrl":"https:\/\/i0.wp.com\/talumai.ch\/wp-content\/uploads\/cropped-talumai.png?fit=512%2C512&ssl=1","width":512,"height":512,"caption":"Talumai Arreghini"},"image":{"@id":"https:\/\/talumai.ch\/#\/schema\/logo\/image\/"}}]}},"jetpack_sharing_enabled":true,"acf":[],"_links":{"self":[{"href":"https:\/\/talumai.ch\/en\/wp-json\/wp\/v2\/pages\/228"}],"collection":[{"href":"https:\/\/talumai.ch\/en\/wp-json\/wp\/v2\/pages"}],"about":[{"href":"https:\/\/talumai.ch\/en\/wp-json\/wp\/v2\/types\/page"}],"author":[{"embeddable":true,"href":"https:\/\/talumai.ch\/en\/wp-json\/wp\/v2\/users\/1"}],"replies":[{"embeddable":true,"href":"https:\/\/talumai.ch\/en\/wp-json\/wp\/v2\/comments?post=228"}],"version-history":[{"count":3,"href":"https:\/\/talumai.ch\/en\/wp-json\/wp\/v2\/pages\/228\/revisions"}],"predecessor-version":[{"id":5876,"href":"https:\/\/talumai.ch\/en\/wp-json\/wp\/v2\/pages\/228\/revisions\/5876"}],"wp:attachment":[{"href":"https:\/\/talumai.ch\/en\/wp-json\/wp\/v2\/media?parent=228"}],"curies":[{"name":"wp","href":"https:\/\/api.w.org\/{rel}","templated":true}]}}