{"id":1134,"date":"2022-03-22T15:17:01","date_gmt":"2022-03-22T14:17:01","guid":{"rendered":"https:\/\/www.talumai.ch\/?page_id=1134"},"modified":"2023-03-09T10:49:07","modified_gmt":"2023-03-09T09:49:07","slug":"business-yoga","status":"publish","type":"page","link":"https:\/\/talumai.ch\/en\/business-yoga\/","title":{"rendered":"Business yoga"},"content":{"rendered":"<div data-elementor-type=\"wp-page\" data-elementor-id=\"1134\" class=\"elementor elementor-1134\">\n\t\t\t\t\t\t<section class=\"elementor-section elementor-top-section elementor-element elementor-element-ec4c239 elementor-section-boxed elementor-section-height-default elementor-section-height-default wpr-particle-no wpr-jarallax-no wpr-parallax-no wpr-sticky-section-no\" data-id=\"ec4c239\" data-element_type=\"section\">\n\t\t\t\t\t\t<div class=\"elementor-container elementor-column-gap-default\">\n\t\t\t\t\t<div class=\"elementor-column elementor-col-100 elementor-top-column elementor-element elementor-element-f5547fa\" data-id=\"f5547fa\" data-element_type=\"column\">\n\t\t\t<div class=\"elementor-widget-wrap elementor-element-populated\">\n\t\t\t\t\t\t<div class=\"elementor-element elementor-element-61620cb elementor-widget elementor-widget-text-editor\" data-id=\"61620cb\" data-element_type=\"widget\" data-widget_type=\"text-editor.default\">\n\t\t\t\t<div class=\"elementor-widget-container\">\n\t\t\t<style>\/*! elementor - v3.22.0 - 26-06-2024 *\/\n.elementor-widget-text-editor.elementor-drop-cap-view-stacked .elementor-drop-cap{background-color:#69727d;color:#fff}.elementor-widget-text-editor.elementor-drop-cap-view-framed .elementor-drop-cap{color:#69727d;border:3px solid;background-color:transparent}.elementor-widget-text-editor:not(.elementor-drop-cap-view-default) .elementor-drop-cap{margin-top:8px}.elementor-widget-text-editor:not(.elementor-drop-cap-view-default) .elementor-drop-cap-letter{width:1em;height:1em}.elementor-widget-text-editor .elementor-drop-cap{float:left;text-align:center;line-height:1;font-size:50px}.elementor-widget-text-editor .elementor-drop-cap-letter{display:inline-block}<\/style>\t\t\t\t<blockquote><p style=\"text-align: center;\">\u00abA strong body makes the mind strong.\u00bb\u00a0 <em>Thomas Jefferson<\/em><\/p><\/blockquote>\t\t\t\t\t\t<\/div>\n\t\t\t\t<\/div>\n\t\t\t\t\t<\/div>\n\t\t<\/div>\n\t\t\t\t\t<\/div>\n\t\t<\/section>\n\t\t\t\t<section class=\"elementor-section elementor-top-section elementor-element elementor-element-585dfd6 elementor-section-boxed elementor-section-height-default elementor-section-height-default wpr-particle-no wpr-jarallax-no wpr-parallax-no wpr-sticky-section-no\" data-id=\"585dfd6\" data-element_type=\"section\">\n\t\t\t\t\t\t<div class=\"elementor-container elementor-column-gap-default\">\n\t\t\t\t\t<div class=\"elementor-column elementor-col-100 elementor-top-column elementor-element elementor-element-61725ea\" data-id=\"61725ea\" data-element_type=\"column\">\n\t\t\t<div class=\"elementor-widget-wrap elementor-element-populated\">\n\t\t\t\t\t\t<div class=\"elementor-element elementor-element-ca3fdb6 elementor-widget elementor-widget-spacer\" data-id=\"ca3fdb6\" data-element_type=\"widget\" data-widget_type=\"spacer.default\">\n\t\t\t\t<div class=\"elementor-widget-container\">\n\t\t\t<style>\/*! elementor - v3.22.0 - 26-06-2024 *\/\n.elementor-column .elementor-spacer-inner{height:var(--spacer-size)}.e-con{--container-widget-width:100%}.e-con-inner>.elementor-widget-spacer,.e-con>.elementor-widget-spacer{width:var(--container-widget-width,var(--spacer-size));--align-self:var(--container-widget-align-self,initial);--flex-shrink:0}.e-con-inner>.elementor-widget-spacer>.elementor-widget-container,.e-con>.elementor-widget-spacer>.elementor-widget-container{height:100%;width:100%}.e-con-inner>.elementor-widget-spacer>.elementor-widget-container>.elementor-spacer,.e-con>.elementor-widget-spacer>.elementor-widget-container>.elementor-spacer{height:100%}.e-con-inner>.elementor-widget-spacer>.elementor-widget-container>.elementor-spacer>.elementor-spacer-inner,.e-con>.elementor-widget-spacer>.elementor-widget-container>.elementor-spacer>.elementor-spacer-inner{height:var(--container-widget-height,var(--spacer-size))}.e-con-inner>.elementor-widget-spacer.elementor-widget-empty,.e-con>.elementor-widget-spacer.elementor-widget-empty{position:relative;min-height:22px;min-width:22px}.e-con-inner>.elementor-widget-spacer.elementor-widget-empty .elementor-widget-empty-icon,.e-con>.elementor-widget-spacer.elementor-widget-empty .elementor-widget-empty-icon{position:absolute;top:0;bottom:0;left:0;right:0;margin:auto;padding:0;width:22px;height:22px}<\/style>\t\t<div class=\"elementor-spacer\">\n\t\t\t<div class=\"elementor-spacer-inner\"><\/div>\n\t\t<\/div>\n\t\t\t\t<\/div>\n\t\t\t\t<\/div>\n\t\t\t\t\t<\/div>\n\t\t<\/div>\n\t\t\t\t\t<\/div>\n\t\t<\/section>\n\t\t\t\t<section class=\"elementor-section elementor-top-section elementor-element elementor-element-8b2c193 elementor-section-boxed elementor-section-height-default elementor-section-height-default wpr-particle-no wpr-jarallax-no wpr-parallax-no wpr-sticky-section-no elementor-invisible\" data-id=\"8b2c193\" data-element_type=\"section\" data-settings=\"{&quot;animation&quot;:&quot;fadeInRight&quot;}\">\n\t\t\t\t\t\t<div class=\"elementor-container elementor-column-gap-default\">\n\t\t\t\t\t<div class=\"elementor-column elementor-col-100 elementor-top-column elementor-element elementor-element-72ab8b9\" data-id=\"72ab8b9\" data-element_type=\"column\">\n\t\t\t<div class=\"elementor-widget-wrap elementor-element-populated\">\n\t\t\t\t\t\t<section class=\"elementor-section elementor-inner-section elementor-element elementor-element-4df5497 elementor-section-boxed elementor-section-height-default elementor-section-height-default wpr-particle-no wpr-jarallax-no wpr-parallax-no wpr-sticky-section-no\" data-id=\"4df5497\" data-element_type=\"section\">\n\t\t\t\t\t\t<div class=\"elementor-container elementor-column-gap-default\">\n\t\t\t\t\t<div class=\"elementor-column elementor-col-50 elementor-inner-column elementor-element elementor-element-dfa5470\" data-id=\"dfa5470\" data-element_type=\"column\">\n\t\t\t<div class=\"elementor-widget-wrap elementor-element-populated\">\n\t\t\t\t\t\t<div class=\"elementor-element elementor-element-cfd104b elementor-widget elementor-widget-heading\" data-id=\"cfd104b\" data-element_type=\"widget\" data-widget_type=\"heading.default\">\n\t\t\t\t<div class=\"elementor-widget-container\">\n\t\t\t<style>\/*! elementor - v3.22.0 - 26-06-2024 *\/\n.elementor-heading-title{padding:0;margin:0;line-height:1}.elementor-widget-heading .elementor-heading-title[class*=elementor-size-]>a{color:inherit;font-size:inherit;line-height:inherit}.elementor-widget-heading .elementor-heading-title.elementor-size-small{font-size:15px}.elementor-widget-heading .elementor-heading-title.elementor-size-medium{font-size:19px}.elementor-widget-heading .elementor-heading-title.elementor-size-large{font-size:29px}.elementor-widget-heading .elementor-heading-title.elementor-size-xl{font-size:39px}.elementor-widget-heading .elementor-heading-title.elementor-size-xxl{font-size:59px}<\/style><h2 class=\"elementor-heading-title elementor-size-default\">Why Business Yoga?<\/h2>\t\t<\/div>\n\t\t\t\t<\/div>\n\t\t\t\t<div class=\"elementor-element elementor-element-5a43928 elementor-widget elementor-widget-heading\" data-id=\"5a43928\" data-element_type=\"widget\" data-widget_type=\"heading.default\">\n\t\t\t\t<div class=\"elementor-widget-container\">\n\t\t\t<h4 class=\"elementor-heading-title elementor-size-default\">Yoga promotes the health and motivation of your employees at work<\/h4>\t\t<\/div>\n\t\t\t\t<\/div>\n\t\t\t\t<div class=\"elementor-element elementor-element-4875a3b elementor-widget elementor-widget-text-editor\" data-id=\"4875a3b\" data-element_type=\"widget\" data-widget_type=\"text-editor.default\">\n\t\t\t\t<div class=\"elementor-widget-container\">\n\t\t\t\t\t\t\t<p>Business Yoga is an optimal health prevention for your employees. Regular practice has a positive effect on the entire body. It releases tension and blockages and promotes the flow of energy as well as concentration and creativity. The people in your company learn how to deal better with negative stress, to manage their resources more consciously, to relax and to recharge their batteries.<\/p>\t\t\t\t\t\t<\/div>\n\t\t\t\t<\/div>\n\t\t\t\t\t<\/div>\n\t\t<\/div>\n\t\t\t\t<div class=\"elementor-column elementor-col-50 elementor-inner-column elementor-element elementor-element-ea7d19a\" data-id=\"ea7d19a\" data-element_type=\"column\">\n\t\t\t<div class=\"elementor-widget-wrap elementor-element-populated\">\n\t\t\t\t\t\t<div class=\"elementor-element elementor-element-795ed6a elementor-widget elementor-widget-image\" data-id=\"795ed6a\" data-element_type=\"widget\" data-widget_type=\"image.default\">\n\t\t\t\t<div class=\"elementor-widget-container\">\n\t\t\t<style>\/*! elementor - v3.22.0 - 26-06-2024 *\/\n.elementor-widget-image{text-align:center}.elementor-widget-image a{display:inline-block}.elementor-widget-image a img[src$=\".svg\"]{width:48px}.elementor-widget-image img{vertical-align:middle;display:inline-block}<\/style>\t\t\t\t\t\t\t\t\t\t<img fetchpriority=\"high\" decoding=\"async\" width=\"600\" height=\"440\" src=\"https:\/\/i0.wp.com\/talumai.ch\/wp-content\/uploads\/yoga-business_talumai_zuerich.jpg?fit=600%2C440&amp;ssl=1\" class=\"attachment-large size-large wp-image-1033\" alt=\"Yoga Business - Talumai Z\u00fcrich\" srcset=\"https:\/\/i0.wp.com\/talumai.ch\/wp-content\/uploads\/yoga-business_talumai_zuerich.jpg?w=600&amp;ssl=1 600w, https:\/\/i0.wp.com\/talumai.ch\/wp-content\/uploads\/yoga-business_talumai_zuerich.jpg?resize=300%2C220&amp;ssl=1 300w\" sizes=\"(max-width: 600px) 100vw, 600px\" \/>\t\t\t\t\t\t\t\t\t\t\t\t\t<\/div>\n\t\t\t\t<\/div>\n\t\t\t\t\t<\/div>\n\t\t<\/div>\n\t\t\t\t\t<\/div>\n\t\t<\/section>\n\t\t\t\t<div class=\"elementor-element elementor-element-ad922a0 elementor-widget elementor-widget-spacer\" data-id=\"ad922a0\" data-element_type=\"widget\" data-widget_type=\"spacer.default\">\n\t\t\t\t<div class=\"elementor-widget-container\">\n\t\t\t\t\t<div class=\"elementor-spacer\">\n\t\t\t<div class=\"elementor-spacer-inner\"><\/div>\n\t\t<\/div>\n\t\t\t\t<\/div>\n\t\t\t\t<\/div>\n\t\t\t\t\t<\/div>\n\t\t<\/div>\n\t\t\t\t\t<\/div>\n\t\t<\/section>\n\t\t\t\t<section class=\"elementor-section elementor-top-section elementor-element elementor-element-208d8de elementor-section-boxed elementor-section-height-default elementor-section-height-default wpr-particle-no wpr-jarallax-no wpr-parallax-no wpr-sticky-section-no\" data-id=\"208d8de\" data-element_type=\"section\">\n\t\t\t\t\t\t<div class=\"elementor-container elementor-column-gap-default\">\n\t\t\t\t\t<div class=\"elementor-column elementor-col-100 elementor-top-column elementor-element elementor-element-74638ef\" data-id=\"74638ef\" data-element_type=\"column\">\n\t\t\t<div class=\"elementor-widget-wrap elementor-element-populated\">\n\t\t\t\t\t\t<section class=\"elementor-section elementor-inner-section elementor-element elementor-element-b1982bc elementor-section-boxed elementor-section-height-default elementor-section-height-default wpr-particle-no wpr-jarallax-no wpr-parallax-no wpr-sticky-section-no\" data-id=\"b1982bc\" data-element_type=\"section\">\n\t\t\t\t\t\t<div class=\"elementor-container elementor-column-gap-default\">\n\t\t\t\t\t<div class=\"elementor-column elementor-col-50 elementor-inner-column elementor-element elementor-element-132380b\" data-id=\"132380b\" data-element_type=\"column\">\n\t\t\t<div class=\"elementor-widget-wrap elementor-element-populated\">\n\t\t\t\t\t\t<div class=\"elementor-element elementor-element-020353c elementor-widget elementor-widget-heading\" data-id=\"020353c\" data-element_type=\"widget\" data-widget_type=\"heading.default\">\n\t\t\t\t<div class=\"elementor-widget-container\">\n\t\t\t<h3 class=\"elementor-heading-title elementor-size-default\">Benefits for your company<\/h3>\t\t<\/div>\n\t\t\t\t<\/div>\n\t\t\t\t<div class=\"elementor-element elementor-element-1ae3af6 elementor-widget elementor-widget-text-editor\" data-id=\"1ae3af6\" data-element_type=\"widget\" data-widget_type=\"text-editor.default\">\n\t\t\t\t<div class=\"elementor-widget-container\">\n\t\t\t\t\t\t\t<ul><li>Healthy employees are at work and not at home sick<\/li><li>Motivated employees work more efficiently and effectively<\/li><li>Focused employees ensure the quality of their work<\/li><li>Attentive, appreciative employees work well with co-workers, customers and supervisors<\/li><li>Satisfied employees are more loyal<\/li><\/ul>\t\t\t\t\t\t<\/div>\n\t\t\t\t<\/div>\n\t\t\t\t\t<\/div>\n\t\t<\/div>\n\t\t\t\t<div class=\"elementor-column elementor-col-50 elementor-inner-column elementor-element elementor-element-ca5f9c4\" data-id=\"ca5f9c4\" data-element_type=\"column\">\n\t\t\t<div class=\"elementor-widget-wrap elementor-element-populated\">\n\t\t\t\t\t\t<div class=\"elementor-element elementor-element-9e01905 elementor-widget elementor-widget-heading\" data-id=\"9e01905\" data-element_type=\"widget\" data-widget_type=\"heading.default\">\n\t\t\t\t<div class=\"elementor-widget-container\">\n\t\t\t<h3 class=\"elementor-heading-title elementor-size-default\">This leads to<\/h3>\t\t<\/div>\n\t\t\t\t<\/div>\n\t\t\t\t<div class=\"elementor-element elementor-element-f7a0396 elementor-widget elementor-widget-text-editor\" data-id=\"f7a0396\" data-element_type=\"widget\" data-widget_type=\"text-editor.default\">\n\t\t\t\t<div class=\"elementor-widget-container\">\n\t\t\t\t\t\t\t<ul><li>Higher productivity<\/li><li>Better product or service quality<\/li><li>Higher customer satisfaction<\/li><\/ul>\t\t\t\t\t\t<\/div>\n\t\t\t\t<\/div>\n\t\t\t\t\t<\/div>\n\t\t<\/div>\n\t\t\t\t\t<\/div>\n\t\t<\/section>\n\t\t\t\t<div class=\"elementor-element elementor-element-736bc63 elementor-widget elementor-widget-text-editor\" data-id=\"736bc63\" data-element_type=\"widget\" data-widget_type=\"text-editor.default\">\n\t\t\t\t<div class=\"elementor-widget-container\">\n\t\t\t\t\t\t\t<p>Whether workshops, classes or personal coaching - I'm happy to work out a program for you that is tailored to your employees.<\/p>\t\t\t\t\t\t<\/div>\n\t\t\t\t<\/div>\n\t\t\t\t<div class=\"elementor-element elementor-element-ad69e39 elementor-widget elementor-widget-spacer\" data-id=\"ad69e39\" data-element_type=\"widget\" data-widget_type=\"spacer.default\">\n\t\t\t\t<div class=\"elementor-widget-container\">\n\t\t\t\t\t<div class=\"elementor-spacer\">\n\t\t\t<div class=\"elementor-spacer-inner\"><\/div>\n\t\t<\/div>\n\t\t\t\t<\/div>\n\t\t\t\t<\/div>\n\t\t\t\t\t<\/div>\n\t\t<\/div>\n\t\t\t\t\t<\/div>\n\t\t<\/section>\n\t\t\t\t<\/div>","protected":false},"excerpt":{"rendered":"<p>\u00abEin starker K\u00f6rper macht den Geist stark.\u00bb\u00a0 Thomas Jefferson Warum Business Yoga? Yoga f\u00f6rdert die Gesundheit und Motivation Ihrer Mitarbeitenden am Arbeitsplatz Business Yoga ist eine optimale Gesundheits-Pr\u00e4vention f\u00fcr Ihre Mitarbeiter und Mitarbeiterinnen. Eine regelm\u00e4ssige Praxis wirkt sich positiv auf den gesamten K\u00f6rper aus. Es l\u00f6st Verspannungen und Blockaden, f\u00f6rdert den Energiefluss sowie die Konzentration und Kreativit\u00e4t. Die Menschen in Ihrem Unternehmen lernen mit negativem Stress umzugehen, bewusst mit ihren Ressourcen zu wirtschaften sowie sich zu entspannen und frische Energie zu tanken. Nutzen f\u00fcr Ihr Unternehmen Gesunde Mitarbeitende sind bei der Arbeit und nicht krank zuhause Motivierte Mitarbeitende arbeiten effizient und effektiv Konzentrierte Mitarbeitende stellen die Qualit\u00e4t ihrer Arbeit sicher Aufmerksame, wertsch\u00e4tzende Mitarbeitende arbeiten gut mit Arbeitskollegen, Kunden und Vorgesetzten zusammen Zufriedene Mitarbeitende sind loyal Das f\u00fchrt zu H\u00f6herer Produktivit\u00e4t Besserer Produkte- oder Dienstleistungsqualit\u00e4t H\u00f6herer Kundenzufriedenheit Ob Kurse, Klassen oder Personal Coaching \u2013 gerne arbeite ich mit Ihnen ein auf Ihre Belegschaft individuell zugeschnittenes Programm aus.<\/p>","protected":false},"author":1,"featured_media":0,"parent":0,"menu_order":0,"comment_status":"closed","ping_status":"closed","template":"","meta":{"footnotes":""},"yoast_head":"<!-- This site is optimized with the Yoast SEO plugin v23.4 - https:\/\/yoast.com\/wordpress\/plugins\/seo\/ -->\n<title>Business Yoga in Z\u00fcrich - Talumai<\/title>\n<meta name=\"description\" content=\"F\u00f6rdern Sie die Gesundheit Ihrer Mitarbeitenden mit Business Yoga. Beugen Sie Stress, Verspannungen und Burn Out bei Ihren Angestellten vor.\" \/>\n<meta name=\"robots\" content=\"index, follow, max-snippet:-1, max-image-preview:large, max-video-preview:-1\" \/>\n<link rel=\"canonical\" href=\"https:\/\/talumai.ch\/en\/business-yoga\/\" \/>\n<meta property=\"og:locale\" content=\"en_US\" \/>\n<meta property=\"og:type\" content=\"article\" \/>\n<meta property=\"og:title\" content=\"Business Yoga in Z\u00fcrich - Talumai\" \/>\n<meta property=\"og:description\" content=\"F\u00f6rdern Sie die Gesundheit Ihrer Mitarbeitenden mit Business Yoga. Beugen Sie Stress, Verspannungen und Burn Out bei Ihren Angestellten vor.\" \/>\n<meta property=\"og:url\" content=\"https:\/\/talumai.ch\/en\/business-yoga\/\" \/>\n<meta property=\"og:site_name\" content=\"Talumai\" \/>\n<meta property=\"article:modified_time\" content=\"2023-03-09T09:49:07+00:00\" \/>\n<meta property=\"og:image\" content=\"https:\/\/talumai.ch\/wp-content\/uploads\/yoga-business_talumai_zuerich.jpg\" \/>\n<meta name=\"twitter:card\" content=\"summary_large_image\" \/>\n<meta name=\"twitter:label1\" content=\"Est. reading time\" \/>\n\t<meta name=\"twitter:data1\" content=\"2 minutes\" \/>\n<script type=\"application\/ld+json\" class=\"yoast-schema-graph\">{\"@context\":\"https:\/\/schema.org\",\"@graph\":[{\"@type\":\"WebPage\",\"@id\":\"https:\/\/talumai.ch\/business-yoga\/\",\"url\":\"https:\/\/talumai.ch\/business-yoga\/\",\"name\":\"Business Yoga in Z\u00fcrich - Talumai\",\"isPartOf\":{\"@id\":\"https:\/\/talumai.ch\/#website\"},\"primaryImageOfPage\":{\"@id\":\"https:\/\/talumai.ch\/business-yoga\/#primaryimage\"},\"image\":{\"@id\":\"https:\/\/talumai.ch\/business-yoga\/#primaryimage\"},\"thumbnailUrl\":\"https:\/\/talumai.ch\/wp-content\/uploads\/yoga-business_talumai_zuerich.jpg\",\"datePublished\":\"2022-03-22T14:17:01+00:00\",\"dateModified\":\"2023-03-09T09:49:07+00:00\",\"description\":\"F\u00f6rdern Sie die Gesundheit Ihrer Mitarbeitenden mit Business Yoga. Beugen Sie Stress, Verspannungen und Burn Out bei Ihren Angestellten vor.\",\"breadcrumb\":{\"@id\":\"https:\/\/talumai.ch\/business-yoga\/#breadcrumb\"},\"inLanguage\":\"en-US\",\"potentialAction\":[{\"@type\":\"ReadAction\",\"target\":[\"https:\/\/talumai.ch\/business-yoga\/\"]}]},{\"@type\":\"ImageObject\",\"inLanguage\":\"en-US\",\"@id\":\"https:\/\/talumai.ch\/business-yoga\/#primaryimage\",\"url\":\"https:\/\/talumai.ch\/wp-content\/uploads\/yoga-business_talumai_zuerich.jpg\",\"contentUrl\":\"https:\/\/talumai.ch\/wp-content\/uploads\/yoga-business_talumai_zuerich.jpg\"},{\"@type\":\"BreadcrumbList\",\"@id\":\"https:\/\/talumai.ch\/business-yoga\/#breadcrumb\",\"itemListElement\":[{\"@type\":\"ListItem\",\"position\":1,\"name\":\"Startseite\",\"item\":\"https:\/\/talumai.ch\/\"},{\"@type\":\"ListItem\",\"position\":2,\"name\":\"Business Yoga\"}]},{\"@type\":\"WebSite\",\"@id\":\"https:\/\/talumai.ch\/#website\",\"url\":\"https:\/\/talumai.ch\/\",\"name\":\"Talumai - Yoga & Massage\",\"description\":\"Massage &amp; Yoga\",\"publisher\":{\"@id\":\"https:\/\/talumai.ch\/#organization\"},\"alternateName\":\"Talumai\",\"potentialAction\":[{\"@type\":\"SearchAction\",\"target\":{\"@type\":\"EntryPoint\",\"urlTemplate\":\"https:\/\/talumai.ch\/?s={search_term_string}\"},\"query-input\":{\"@type\":\"PropertyValueSpecification\",\"valueRequired\":true,\"valueName\":\"search_term_string\"}}],\"inLanguage\":\"en-US\"},{\"@type\":\"Organization\",\"@id\":\"https:\/\/talumai.ch\/#organization\",\"name\":\"Talumai Arreghini\",\"alternateName\":\"Talumai\",\"url\":\"https:\/\/talumai.ch\/\",\"logo\":{\"@type\":\"ImageObject\",\"inLanguage\":\"en-US\",\"@id\":\"https:\/\/talumai.ch\/#\/schema\/logo\/image\/\",\"url\":\"https:\/\/i0.wp.com\/talumai.ch\/wp-content\/uploads\/cropped-talumai.png?fit=512%2C512&ssl=1\",\"contentUrl\":\"https:\/\/i0.wp.com\/talumai.ch\/wp-content\/uploads\/cropped-talumai.png?fit=512%2C512&ssl=1\",\"width\":512,\"height\":512,\"caption\":\"Talumai Arreghini\"},\"image\":{\"@id\":\"https:\/\/talumai.ch\/#\/schema\/logo\/image\/\"}}]}<\/script>\n<!-- \/ Yoast SEO plugin. -->","yoast_head_json":{"title":"Business Yoga in Z\u00fcrich - Talumai","description":"F\u00f6rdern Sie die Gesundheit Ihrer Mitarbeitenden mit Business Yoga. Beugen Sie Stress, Verspannungen und Burn Out bei Ihren Angestellten vor.","robots":{"index":"index","follow":"follow","max-snippet":"max-snippet:-1","max-image-preview":"max-image-preview:large","max-video-preview":"max-video-preview:-1"},"canonical":"https:\/\/talumai.ch\/en\/business-yoga\/","og_locale":"en_US","og_type":"article","og_title":"Business Yoga in Z\u00fcrich - Talumai","og_description":"F\u00f6rdern Sie die Gesundheit Ihrer Mitarbeitenden mit Business Yoga. Beugen Sie Stress, Verspannungen und Burn Out bei Ihren Angestellten vor.","og_url":"https:\/\/talumai.ch\/en\/business-yoga\/","og_site_name":"Talumai","article_modified_time":"2023-03-09T09:49:07+00:00","og_image":[{"url":"https:\/\/talumai.ch\/wp-content\/uploads\/yoga-business_talumai_zuerich.jpg"}],"twitter_card":"summary_large_image","twitter_misc":{"Est. reading time":"2 minutes"},"schema":{"@context":"https:\/\/schema.org","@graph":[{"@type":"WebPage","@id":"https:\/\/talumai.ch\/business-yoga\/","url":"https:\/\/talumai.ch\/business-yoga\/","name":"Business Yoga in Z\u00fcrich - Talumai","isPartOf":{"@id":"https:\/\/talumai.ch\/#website"},"primaryImageOfPage":{"@id":"https:\/\/talumai.ch\/business-yoga\/#primaryimage"},"image":{"@id":"https:\/\/talumai.ch\/business-yoga\/#primaryimage"},"thumbnailUrl":"https:\/\/talumai.ch\/wp-content\/uploads\/yoga-business_talumai_zuerich.jpg","datePublished":"2022-03-22T14:17:01+00:00","dateModified":"2023-03-09T09:49:07+00:00","description":"F\u00f6rdern Sie die Gesundheit Ihrer Mitarbeitenden mit Business Yoga. Beugen Sie Stress, Verspannungen und Burn Out bei Ihren Angestellten vor.","breadcrumb":{"@id":"https:\/\/talumai.ch\/business-yoga\/#breadcrumb"},"inLanguage":"en-US","potentialAction":[{"@type":"ReadAction","target":["https:\/\/talumai.ch\/business-yoga\/"]}]},{"@type":"ImageObject","inLanguage":"en-US","@id":"https:\/\/talumai.ch\/business-yoga\/#primaryimage","url":"https:\/\/talumai.ch\/wp-content\/uploads\/yoga-business_talumai_zuerich.jpg","contentUrl":"https:\/\/talumai.ch\/wp-content\/uploads\/yoga-business_talumai_zuerich.jpg"},{"@type":"BreadcrumbList","@id":"https:\/\/talumai.ch\/business-yoga\/#breadcrumb","itemListElement":[{"@type":"ListItem","position":1,"name":"Startseite","item":"https:\/\/talumai.ch\/"},{"@type":"ListItem","position":2,"name":"Business Yoga"}]},{"@type":"WebSite","@id":"https:\/\/talumai.ch\/#website","url":"https:\/\/talumai.ch\/","name":"Talumai - Yoga & Massage","description":"Massage &amp; Yoga","publisher":{"@id":"https:\/\/talumai.ch\/#organization"},"alternateName":"Talumai","potentialAction":[{"@type":"SearchAction","target":{"@type":"EntryPoint","urlTemplate":"https:\/\/talumai.ch\/?s={search_term_string}"},"query-input":{"@type":"PropertyValueSpecification","valueRequired":true,"valueName":"search_term_string"}}],"inLanguage":"en-US"},{"@type":"Organization","@id":"https:\/\/talumai.ch\/#organization","name":"Talumai Arreghini","alternateName":"Talumai","url":"https:\/\/talumai.ch\/","logo":{"@type":"ImageObject","inLanguage":"en-US","@id":"https:\/\/talumai.ch\/#\/schema\/logo\/image\/","url":"https:\/\/i0.wp.com\/talumai.ch\/wp-content\/uploads\/cropped-talumai.png?fit=512%2C512&ssl=1","contentUrl":"https:\/\/i0.wp.com\/talumai.ch\/wp-content\/uploads\/cropped-talumai.png?fit=512%2C512&ssl=1","width":512,"height":512,"caption":"Talumai Arreghini"},"image":{"@id":"https:\/\/talumai.ch\/#\/schema\/logo\/image\/"}}]}},"jetpack_sharing_enabled":true,"acf":[],"_links":{"self":[{"href":"https:\/\/talumai.ch\/en\/wp-json\/wp\/v2\/pages\/1134"}],"collection":[{"href":"https:\/\/talumai.ch\/en\/wp-json\/wp\/v2\/pages"}],"about":[{"href":"https:\/\/talumai.ch\/en\/wp-json\/wp\/v2\/types\/page"}],"author":[{"embeddable":true,"href":"https:\/\/talumai.ch\/en\/wp-json\/wp\/v2\/users\/1"}],"replies":[{"embeddable":true,"href":"https:\/\/talumai.ch\/en\/wp-json\/wp\/v2\/comments?post=1134"}],"version-history":[{"count":3,"href":"https:\/\/talumai.ch\/en\/wp-json\/wp\/v2\/pages\/1134\/revisions"}],"predecessor-version":[{"id":4086,"href":"https:\/\/talumai.ch\/en\/wp-json\/wp\/v2\/pages\/1134\/revisions\/4086"}],"wp:attachment":[{"href":"https:\/\/talumai.ch\/en\/wp-json\/wp\/v2\/media?parent=1134"}],"curies":[{"name":"wp","href":"https:\/\/api.w.org\/{rel}","templated":true}]}}